{"id":22334,"date":"2025-07-15T00:54:02","date_gmt":"2025-07-14T16:54:02","guid":{"rendered":"https:\/\/yeezy.xianzhi.org\/?post_type=product&#038;p=22334"},"modified":"2025-07-15T01:33:07","modified_gmt":"2025-07-14T17:33:07","slug":"adidas-yeezy-boost-350-v2-cloud-white-reflective","status":"publish","type":"product","link":"https:\/\/yeezy.xianzhi.org\/?product=adidas-yeezy-boost-350-v2-cloud-white-reflective","title":{"rendered":"Adidas Yeezy Boost 350 V2 Cloud White Reflective"},"content":{"rendered":"<p><strong><\/strong><meta charset=\"utf-8\"><b data-stringify-type=\"bold\" data-mce-fragment=\"1\"><\/b>Kanye West et Adidas donnent \u00e0 leur mod\u00e8le phare un nouveau coloris. Cette Adidas Yeezy Boost 350 V2 s&#8217;affiche dans un design Cloud White encore jamais vu. Imagin\u00e9 dans une \u00e9dition Reflective et Non-Reflective. cette nouvelle Yeezy mise sur la clart\u00e9 !<\/p>\n<p>Cette <strong>Adidas Yeezy Boost 350 V2 Cloud White Reflective<\/strong> se pare d&#8217;une base en Primeknit m\u00e9langeant tons gris clair et bleu ciel. pour un rendu visuel l\u00e9ger. Sa toile est sublim\u00e9e par une finition r\u00e9fl\u00e9chissante rendant la paire visible et brillante dans le noir. Un look moderne pour une paire ind\u00e9modable ! Le design de cette Yeezy est termin\u00e9 par sa semelle Boost blanche sobre et efficace.<\/p>\n<p>Un coloris plus sobre et lumineux que ceux pr\u00e9sent\u00e9s pr\u00e9c\u00e9demment par Kanye West et Adidas. Une nouvelle Yeezy pour le bonheur des fans de la marque et du designer. et pour les amateurs de sneakers !<\/p>\n<p><strong>SKU :<\/strong> FW5317 <br \/><strong>Date de sortie :<\/strong> Septembre 2019 <br \/><strong>Colorway :<\/strong> CLOUD WHITE\/CLOUD WHITE<\/p>\n","protected":false},"excerpt":{"rendered":"<p>Kanye West et Adidas donnent \u00e0 leur mod\u00e8le phare un nou [&hellip;]<\/p>\n","protected":false},"featured_media":22339,"template":"","meta":[],"product_brand":[],"product_cat":[176,43],"product_tag":[],"class_list":{"0":"post-22334","1":"product","2":"type-product","3":"status-publish","4":"has-post-thumbnail","6":"product_cat-sneakers","7":"product_cat-yeezy-350-v2","9":"first","10":"instock","11":"sale","12":"shipping-taxable","13":"purchasable","14":"product-type-variable"},"_links":{"self":[{"href":"https:\/\/yeezy.xianzhi.org\/index.php?rest_route=\/wp\/v2\/product\/22334","targetHints":{"allow":["GET"]}}],"collection":[{"href":"https:\/\/yeezy.xianzhi.org\/index.php?rest_route=\/wp\/v2\/product"}],"about":[{"href":"https:\/\/yeezy.xianzhi.org\/index.php?rest_route=\/wp\/v2\/types\/product"}],"wp:featuredmedia":[{"embeddable":true,"href":"https:\/\/yeezy.xianzhi.org\/index.php?rest_route=\/wp\/v2\/media\/22339"}],"wp:attachment":[{"href":"https:\/\/yeezy.xianzhi.org\/index.php?rest_route=%2Fwp%2Fv2%2Fmedia&parent=22334"}],"wp:term":[{"taxonomy":"product_brand","embeddable":true,"href":"https:\/\/yeezy.xianzhi.org\/index.php?rest_route=%2Fwp%2Fv2%2Fproduct_brand&post=22334"},{"taxonomy":"product_cat","embeddable":true,"href":"https:\/\/yeezy.xianzhi.org\/index.php?rest_route=%2Fwp%2Fv2%2Fproduct_cat&post=22334"},{"taxonomy":"product_tag","embeddable":true,"href":"https:\/\/yeezy.xianzhi.org\/index.php?rest_route=%2Fwp%2Fv2%2Fproduct_tag&post=22334"}],"curies":[{"name":"wp","href":"https:\/\/api.w.org\/{rel}","templated":true}]}}