{"id":22333,"date":"2025-07-15T00:54:02","date_gmt":"2025-07-14T16:54:02","guid":{"rendered":"https:\/\/yeezy.xianzhi.org\/?post_type=product&#038;p=22333"},"modified":"2025-07-15T01:33:06","modified_gmt":"2025-07-14T17:33:06","slug":"adidas-yeezy-boost-350-v2-citrin","status":"publish","type":"product","link":"https:\/\/yeezy.xianzhi.org\/?product=adidas-yeezy-boost-350-v2-citrin","title":{"rendered":"Adidas Yeezy Boost 350 V2 Citrin"},"content":{"rendered":"<p><strong><\/strong><meta charset=\"utf-8\"><b data-stringify-type=\"bold\" data-mce-fragment=\"1\"><\/b>Kanye West et Adidas offrent \u00e0 la Yeezy Boost 350 V2 un nouveau coloris in\u00e9dit. Proche de la Antlia sortie pr\u00e9c\u00e9demment. cette version Citrin s&#8217;habille d&#8217;un design aux tonalit\u00e9s jaune p\u00e2le. inspir\u00e9es de la pierre \u00ab Citrine \u00bb.<\/p>\n<p>La <strong>Yeezy Boost 350 V2 Citrin<\/strong> se compose d&#8217;une empeigne en Primeknit jaune. \u00c0 l&#8217;instar de la 350 V2 Lundmark par exemple. le heeltab est absent de la silhouette. La bande translucide se voit l\u00e9g\u00e8rement jaunie pour donner du contraste au visuel. Elle est \u00e9galement appuy\u00e9e par des notes beiges\/cr\u00e8mes sur l&#8217;irrempla\u00e7able semelle Boost.<\/p>\n<p>Sobre et efficace. cette nouvelle Yeezy aura sans aucun doute du succ\u00e8s aupr\u00e8s des fans du rappeur\/producteur\/designer et des nombreux sneakers addicts !<\/p>\n<p><strong>SKU :<\/strong> <span> FW3042 <\/span><br \/><strong>Date de sortie :<\/strong> Septembre 2019 <br \/><strong>Colorway :<\/strong> CITRIN\/CITRIN<\/p>\n","protected":false},"excerpt":{"rendered":"<p>Kanye West et Adidas offrent \u00e0 la Yeezy Boost 350 V2 un [&hellip;]<\/p>\n","protected":false},"featured_media":22335,"template":"","meta":[],"product_brand":[],"product_cat":[176,43],"product_tag":[],"class_list":{"0":"post-22333","1":"product","2":"type-product","3":"status-publish","4":"has-post-thumbnail","6":"product_cat-sneakers","7":"product_cat-yeezy-350-v2","9":"first","10":"instock","11":"sale","12":"shipping-taxable","13":"purchasable","14":"product-type-variable"},"_links":{"self":[{"href":"https:\/\/yeezy.xianzhi.org\/index.php?rest_route=\/wp\/v2\/product\/22333","targetHints":{"allow":["GET"]}}],"collection":[{"href":"https:\/\/yeezy.xianzhi.org\/index.php?rest_route=\/wp\/v2\/product"}],"about":[{"href":"https:\/\/yeezy.xianzhi.org\/index.php?rest_route=\/wp\/v2\/types\/product"}],"wp:featuredmedia":[{"embeddable":true,"href":"https:\/\/yeezy.xianzhi.org\/index.php?rest_route=\/wp\/v2\/media\/22335"}],"wp:attachment":[{"href":"https:\/\/yeezy.xianzhi.org\/index.php?rest_route=%2Fwp%2Fv2%2Fmedia&parent=22333"}],"wp:term":[{"taxonomy":"product_brand","embeddable":true,"href":"https:\/\/yeezy.xianzhi.org\/index.php?rest_route=%2Fwp%2Fv2%2Fproduct_brand&post=22333"},{"taxonomy":"product_cat","embeddable":true,"href":"https:\/\/yeezy.xianzhi.org\/index.php?rest_route=%2Fwp%2Fv2%2Fproduct_cat&post=22333"},{"taxonomy":"product_tag","embeddable":true,"href":"https:\/\/yeezy.xianzhi.org\/index.php?rest_route=%2Fwp%2Fv2%2Fproduct_tag&post=22333"}],"curies":[{"name":"wp","href":"https:\/\/api.w.org\/{rel}","templated":true}]}}