{"id":22318,"date":"2025-07-15T00:53:48","date_gmt":"2025-07-14T16:53:48","guid":{"rendered":"https:\/\/yeezy.xianzhi.org\/?post_type=product&#038;p=22318"},"modified":"2025-07-15T01:33:07","modified_gmt":"2025-07-14T17:33:07","slug":"adidas-yeezy-boost-350-v2-synth-reflective","status":"publish","type":"product","link":"https:\/\/yeezy.xianzhi.org\/?product=adidas-yeezy-boost-350-v2-synth-reflective","title":{"rendered":"Adidas Yeezy Boost 350 V2 Synth Reflective"},"content":{"rendered":"<p><strong><\/strong><meta charset=\"utf-8\"><b data-stringify-type=\"bold\" data-mce-fragment=\"1\"><\/b>Kanye West et Adidas donne \u00e0 la <strong>Yeezy Boost 350 V2<\/strong> trois \u00e9ditions d\u00e9clin\u00e9es dans une version reflective et non-reflective. Chacune<span> des 3 versions est attribu\u00e9e \u00e0 une zone du monde.<\/span> Le mod\u00e8le nomm\u00e9 <strong>Synth.<\/strong> est pr\u00e9vu pour le continent africain et asiatique.<\/p>\n<p>Dans cette \u00e9dition Reflective de la <strong>Synth<\/strong>. la <strong>Yeezy Boost 350 V2<\/strong> garde son empeigne en Primeknit. La toile se voit \u00e9quip\u00e9e d&#8217;une finition r\u00e9fl\u00e9chissante permettant \u00e0 la paire de briller dans l&#8217;obscurit\u00e9. Les couleurs grises et nudes composent la base de ce mod\u00e8le. <br \/>Le heeltab \u00e0 l&#8217;arri\u00e8re de sa structure est absent de la silhouette. La semelle Adidas Boost vient parachever ce design sobre. suivi par une outsole gum qui vient ajouter une petite touche de vintage \u00e0 la paire.<\/p>\n<p>Cette nouvelle version sign\u00e9e <strong>Kanye West<\/strong> a du potentiel pour cr\u00e9er la sensation chez les <strong>sneakers addicts<\/strong> !<\/p>\n<p><strong>SKU :<\/strong> <span>FV5666<\/span><br \/><strong>Date de sortie :<\/strong> Juin 2019<br \/><strong>Colorway :<\/strong> SYNTH<span>\/SYNTH\/SYNTH<\/span><\/p>\n","protected":false},"excerpt":{"rendered":"<p>Kanye West et Adidas donne \u00e0 la Yeezy Boost 350 V2 troi [&hellip;]<\/p>\n","protected":false},"featured_media":22324,"template":"","meta":[],"product_brand":[],"product_cat":[176,43],"product_tag":[],"class_list":{"0":"post-22318","1":"product","2":"type-product","3":"status-publish","4":"has-post-thumbnail","6":"product_cat-sneakers","7":"product_cat-yeezy-350-v2","9":"first","10":"instock","11":"sale","12":"shipping-taxable","13":"purchasable","14":"product-type-variable"},"_links":{"self":[{"href":"https:\/\/yeezy.xianzhi.org\/index.php?rest_route=\/wp\/v2\/product\/22318","targetHints":{"allow":["GET"]}}],"collection":[{"href":"https:\/\/yeezy.xianzhi.org\/index.php?rest_route=\/wp\/v2\/product"}],"about":[{"href":"https:\/\/yeezy.xianzhi.org\/index.php?rest_route=\/wp\/v2\/types\/product"}],"wp:featuredmedia":[{"embeddable":true,"href":"https:\/\/yeezy.xianzhi.org\/index.php?rest_route=\/wp\/v2\/media\/22324"}],"wp:attachment":[{"href":"https:\/\/yeezy.xianzhi.org\/index.php?rest_route=%2Fwp%2Fv2%2Fmedia&parent=22318"}],"wp:term":[{"taxonomy":"product_brand","embeddable":true,"href":"https:\/\/yeezy.xianzhi.org\/index.php?rest_route=%2Fwp%2Fv2%2Fproduct_brand&post=22318"},{"taxonomy":"product_cat","embeddable":true,"href":"https:\/\/yeezy.xianzhi.org\/index.php?rest_route=%2Fwp%2Fv2%2Fproduct_cat&post=22318"},{"taxonomy":"product_tag","embeddable":true,"href":"https:\/\/yeezy.xianzhi.org\/index.php?rest_route=%2Fwp%2Fv2%2Fproduct_tag&post=22318"}],"curies":[{"name":"wp","href":"https:\/\/api.w.org\/{rel}","templated":true}]}}