{"id":22317,"date":"2025-07-15T00:53:48","date_gmt":"2025-07-14T16:53:48","guid":{"rendered":"https:\/\/yeezy.xianzhi.org\/?post_type=product&#038;p=22317"},"modified":"2025-07-15T01:33:07","modified_gmt":"2025-07-14T17:33:07","slug":"adidas-yeezy-boost-350-v2-lundmark-reflective","status":"publish","type":"product","link":"https:\/\/yeezy.xianzhi.org\/?product=adidas-yeezy-boost-350-v2-lundmark-reflective","title":{"rendered":"Adidas Yeezy Boost 350 V2 Lundmark Reflective"},"content":{"rendered":"<p><strong><\/strong><meta charset=\"utf-8\"><b data-stringify-type=\"bold\" data-mce-fragment=\"1\"><\/b>Kanye West continue sa collaboration avec Adidas. La silhouette de la <strong>Yeezy Boost 350 V2 <\/strong>a le droit \u00e0<strong> <\/strong>trois \u00e9ditions d\u00e9clin\u00e9es dans une version non-reflective et reflective. Les trois<span> versions sont attribu\u00e9es \u00e0 diff\u00e9rentes zones du monde.<\/span><\/p>\n<p>La <strong>Yeezy Boost 350 V2 Lundmark. <\/strong>dans son \u00e9dition <strong>Reflective<\/strong>. adopte <span>une finition r\u00e9fl\u00e9chissante sur son empeigne en Primeknit. Celle-ci permet \u00e0 la paire de briller dans l&#8217;obscurit\u00e9. De m\u00eame que l&#8217;original. elle garde ses tons beige et blanc cass\u00e9.<br \/>L&#8217;une des particularit\u00e9s du mod\u00e8le est l&#8217;absence de heeltab \u00e0 l&#8217;arri\u00e8re de sa structure. La semelle Boost vient parachever cette Yeezy Lundmark. suivi par une outsole gum qui vient lui ajouter un aspect vintage.<\/span><\/p>\n<p>Cette nouvelle version sign\u00e9e Kanye West a du potentiel pour cr\u00e9er la sensation chez les <strong>sneakers addicts<\/strong> !<\/p>\n<p><strong>SKU :<\/strong> FV3254<br \/><strong>Date de sortie :<\/strong> Juillet 2019<br \/><strong>Colorway :<\/strong> LUNDMARK\/LUNDMARK<\/p>\n","protected":false},"excerpt":{"rendered":"<p>Kanye West continue sa collaboration avec Adidas. La si [&hellip;]<\/p>\n","protected":false},"featured_media":22319,"template":"","meta":[],"product_brand":[],"product_cat":[176,43],"product_tag":[],"class_list":{"0":"post-22317","1":"product","2":"type-product","3":"status-publish","4":"has-post-thumbnail","6":"product_cat-sneakers","7":"product_cat-yeezy-350-v2","9":"first","10":"instock","11":"sale","12":"shipping-taxable","13":"purchasable","14":"product-type-variable"},"_links":{"self":[{"href":"https:\/\/yeezy.xianzhi.org\/index.php?rest_route=\/wp\/v2\/product\/22317","targetHints":{"allow":["GET"]}}],"collection":[{"href":"https:\/\/yeezy.xianzhi.org\/index.php?rest_route=\/wp\/v2\/product"}],"about":[{"href":"https:\/\/yeezy.xianzhi.org\/index.php?rest_route=\/wp\/v2\/types\/product"}],"wp:featuredmedia":[{"embeddable":true,"href":"https:\/\/yeezy.xianzhi.org\/index.php?rest_route=\/wp\/v2\/media\/22319"}],"wp:attachment":[{"href":"https:\/\/yeezy.xianzhi.org\/index.php?rest_route=%2Fwp%2Fv2%2Fmedia&parent=22317"}],"wp:term":[{"taxonomy":"product_brand","embeddable":true,"href":"https:\/\/yeezy.xianzhi.org\/index.php?rest_route=%2Fwp%2Fv2%2Fproduct_brand&post=22317"},{"taxonomy":"product_cat","embeddable":true,"href":"https:\/\/yeezy.xianzhi.org\/index.php?rest_route=%2Fwp%2Fv2%2Fproduct_cat&post=22317"},{"taxonomy":"product_tag","embeddable":true,"href":"https:\/\/yeezy.xianzhi.org\/index.php?rest_route=%2Fwp%2Fv2%2Fproduct_tag&post=22317"}],"curies":[{"name":"wp","href":"https:\/\/api.w.org\/{rel}","templated":true}]}}