{"id":22307,"date":"2025-07-15T00:53:38","date_gmt":"2025-07-14T16:53:38","guid":{"rendered":"https:\/\/yeezy.xianzhi.org\/?post_type=product&#038;p=22307"},"modified":"2025-07-15T01:44:29","modified_gmt":"2025-07-14T17:44:29","slug":"adidas-yeezy-boost-350-v2-synth","status":"publish","type":"product","link":"https:\/\/yeezy.xianzhi.org\/?product=adidas-yeezy-boost-350-v2-synth","title":{"rendered":"Adidas Yeezy Boost 350 V2 Synth"},"content":{"rendered":"<p><b data-stringify-type=\"bold\" data-mce-fragment=\"1\"><\/b>Kanye West et Adidas sont dans la tendance du monochrome ! Apr\u00e8s des mod\u00e8les de <strong>Yeezy Boost 350 V2<\/strong> aux coloris mixtes comme la . une nouvelle collection s&#8217;appr\u00eate \u00e0 voir le jour. Trois \u00e9ditions d\u00e9clin\u00e9es dans une version reflective et non-reflective sont pr\u00e9vues chacune des 3 diff\u00e9rentes zones du monde. L&#8217;un de ces nouveaux mod\u00e8les nomm\u00e9 <strong>Synth.<\/strong> est pr\u00e9vu pour le continent africain et asiatique.<\/p>\n<p>Cette \u00e9dition Synth de la Yeezy Boost 350 v2 garde son empeigne en Primeknit. La paire adopte un visuel clair aux tonalit\u00e9s nudes. La bande lat\u00e9rale est ici ton sur ton avec la base. Dans sa version Reflective. la toile se voit \u00e9quip\u00e9e d&#8217;une finition r\u00e9fl\u00e9chissante permettant \u00e0 la paire de briller dans l&#8217;obscurit\u00e9.<\/p>\n<p>Ce mod\u00e8le se diff\u00e9rencie par l&#8217;absence de heeltab \u00e0 l&#8217;arri\u00e8re de sa structure. La semelle Adidas Boost vient parachever ce design sobre. suivi par une outsole gum qui vient ajouter une petite touche de vintage \u00e0 la paire.<\/p>\n<p>Annonc\u00e9e sur les r\u00e9seaux sociaux. cette nouvelle version cr\u00e9\u00e9e par <strong>Kanye West<\/strong> a du potentiel pour cr\u00e9er la sensation chez les <strong>sneakers addicts<\/strong> !<\/p>\n<p><strong>SKU :<\/strong> FV5578<br \/>\n<strong>Date de sortie :<\/strong> 22 Juin<br \/>\n<strong>Colorway :<\/strong> SYNTH\/SYNTH\/SYNTH<\/p>\n","protected":false},"excerpt":{"rendered":"<p>Kanye West et Adidas sont dans la tendance du monochrom [&hellip;]<\/p>\n","protected":false},"featured_media":22312,"template":"","meta":[],"product_brand":[],"product_cat":[176,43],"product_tag":[],"class_list":{"0":"post-22307","1":"product","2":"type-product","3":"status-publish","4":"has-post-thumbnail","6":"product_cat-sneakers","7":"product_cat-yeezy-350-v2","9":"first","10":"instock","11":"sale","12":"shipping-taxable","13":"purchasable","14":"product-type-variable"},"_links":{"self":[{"href":"https:\/\/yeezy.xianzhi.org\/index.php?rest_route=\/wp\/v2\/product\/22307","targetHints":{"allow":["GET"]}}],"collection":[{"href":"https:\/\/yeezy.xianzhi.org\/index.php?rest_route=\/wp\/v2\/product"}],"about":[{"href":"https:\/\/yeezy.xianzhi.org\/index.php?rest_route=\/wp\/v2\/types\/product"}],"wp:featuredmedia":[{"embeddable":true,"href":"https:\/\/yeezy.xianzhi.org\/index.php?rest_route=\/wp\/v2\/media\/22312"}],"wp:attachment":[{"href":"https:\/\/yeezy.xianzhi.org\/index.php?rest_route=%2Fwp%2Fv2%2Fmedia&parent=22307"}],"wp:term":[{"taxonomy":"product_brand","embeddable":true,"href":"https:\/\/yeezy.xianzhi.org\/index.php?rest_route=%2Fwp%2Fv2%2Fproduct_brand&post=22307"},{"taxonomy":"product_cat","embeddable":true,"href":"https:\/\/yeezy.xianzhi.org\/index.php?rest_route=%2Fwp%2Fv2%2Fproduct_cat&post=22307"},{"taxonomy":"product_tag","embeddable":true,"href":"https:\/\/yeezy.xianzhi.org\/index.php?rest_route=%2Fwp%2Fv2%2Fproduct_tag&post=22307"}],"curies":[{"name":"wp","href":"https:\/\/api.w.org\/{rel}","templated":true}]}}