{"id":22306,"date":"2025-07-15T00:53:38","date_gmt":"2025-07-14T16:53:38","guid":{"rendered":"https:\/\/yeezy.xianzhi.org\/?post_type=product&#038;p=22306"},"modified":"2025-07-15T01:33:07","modified_gmt":"2025-07-14T17:33:07","slug":"adidas-yeezy-boost-350-v2-antlia","status":"publish","type":"product","link":"https:\/\/yeezy.xianzhi.org\/?product=adidas-yeezy-boost-350-v2-antlia","title":{"rendered":"Adidas Yeezy Boost 350 V2 Antlia"},"content":{"rendered":"<p><strong><\/strong><b data-mce-fragment=\"1\" data-stringify-type=\"bold\"><\/b>Cette ann\u00e9e est plac\u00e9e sous le signe des Yeezy pour Kanye West et Adidas ! Trois nouveaux coloris<span> de la Yeezy Boost 350 V2 voient le jour en ce mois de Juin.<\/span> Toutes vont sortir dans des zones diff\u00e9rentes du monde. Parmi elles. un mod\u00e8le nomm\u00e9 <strong>Antlia<\/strong> pr\u00e9vu pour l&#8217;Europe.<\/p>\n<p>Adoptant des tonalit\u00e9s proches de la <strong><\/strong>. cette nouvelle \u00e9dition s&#8217;habille d&#8217;un Primeknit monochrome jaune p\u00e2le. La bande propre au mod\u00e8le est \u00e9galement pr\u00e9sente sur la paire. On peut noter l&#8217;absence du heeltab. Le design de cette Yeezy Boost 350 V2 Antlia est finalis\u00e9 par la semelle Boost ainsi que sa gumsole.<\/p>\n<p>Deux versions. reflective et non-reflective pour le plaisir des <strong>sneakers addicts <\/strong>et des fans du designer !<\/p>\n<p><strong>SKU :<\/strong> FV3250<br \/><strong>Date de sortie :<\/strong> Juin 2019<br \/><strong>Colorway :<\/strong> ANTLIA\/ANTLIA<\/p>\n","protected":false},"excerpt":{"rendered":"<p>Cette ann\u00e9e est plac\u00e9e sous le signe des Yeezy pour Kan [&hellip;]<\/p>\n","protected":false},"featured_media":22308,"template":"","meta":[],"product_brand":[],"product_cat":[176,43],"product_tag":[],"class_list":{"0":"post-22306","1":"product","2":"type-product","3":"status-publish","4":"has-post-thumbnail","6":"product_cat-sneakers","7":"product_cat-yeezy-350-v2","9":"first","10":"instock","11":"sale","12":"shipping-taxable","13":"purchasable","14":"product-type-variable"},"_links":{"self":[{"href":"https:\/\/yeezy.xianzhi.org\/index.php?rest_route=\/wp\/v2\/product\/22306","targetHints":{"allow":["GET"]}}],"collection":[{"href":"https:\/\/yeezy.xianzhi.org\/index.php?rest_route=\/wp\/v2\/product"}],"about":[{"href":"https:\/\/yeezy.xianzhi.org\/index.php?rest_route=\/wp\/v2\/types\/product"}],"wp:featuredmedia":[{"embeddable":true,"href":"https:\/\/yeezy.xianzhi.org\/index.php?rest_route=\/wp\/v2\/media\/22308"}],"wp:attachment":[{"href":"https:\/\/yeezy.xianzhi.org\/index.php?rest_route=%2Fwp%2Fv2%2Fmedia&parent=22306"}],"wp:term":[{"taxonomy":"product_brand","embeddable":true,"href":"https:\/\/yeezy.xianzhi.org\/index.php?rest_route=%2Fwp%2Fv2%2Fproduct_brand&post=22306"},{"taxonomy":"product_cat","embeddable":true,"href":"https:\/\/yeezy.xianzhi.org\/index.php?rest_route=%2Fwp%2Fv2%2Fproduct_cat&post=22306"},{"taxonomy":"product_tag","embeddable":true,"href":"https:\/\/yeezy.xianzhi.org\/index.php?rest_route=%2Fwp%2Fv2%2Fproduct_tag&post=22306"}],"curies":[{"name":"wp","href":"https:\/\/api.w.org\/{rel}","templated":true}]}}