{"id":22300,"date":"2025-07-15T00:53:32","date_gmt":"2025-07-14T16:53:32","guid":{"rendered":"https:\/\/yeezy.xianzhi.org\/?post_type=product&#038;p=22300"},"modified":"2025-07-15T01:33:08","modified_gmt":"2025-07-14T17:33:08","slug":"adidas-yeezy-boost-350-v2-glow-in-the-dark","status":"publish","type":"product","link":"https:\/\/yeezy.xianzhi.org\/?product=adidas-yeezy-boost-350-v2-glow-in-the-dark","title":{"rendered":"Adidas Yeezy Boost 350 V2 Glow In The Dark"},"content":{"rendered":"<p><strong><\/strong><meta charset=\"utf-8\"><b data-stringify-type=\"bold\" data-mce-fragment=\"1\"><\/b>La <strong>Yeezy Boost 350 V2 <\/strong>est de retour dans une version innovante ! Avec cette \u00e9dition<strong> <\/strong>nomm\u00e9e \u00ab Glow in the Dark \u00bb. Kanye West et Adidas font briller la silhouette populaire dans le noir.<\/p>\n<p>Dans cette mise \u00e0 jour de la . le mod\u00e8le est compos\u00e9 d&#8217;une empeigne en Primeknit jaune fluo volt. La bande en mesh mat qui traverse le sneaker vient contraster avec le visuel flashy de la paire. Mais ce qui fait la particularit\u00e9 de ce mod\u00e8le. est le fait qu&#8217;il repose sur une semelle Boost fluorescente. Avec sa technologie \u00ab Glow in the Dark \u00bb. cette Adidas Yeezy Boost 350 V2 repousse les limites !<\/p>\n<p>Autre particularit\u00e9. la paire sort simultan\u00e9ment en trois \u00e9ditions : Adulte. Enfant<strong> <\/strong>et B\u00e9b\u00e9. Suite \u00e0 cette nouveaut\u00e9. un changement au niveau des futures releases de la marque est \u00e0 pr\u00e9voir. Une bonne nouvelle pour <strong>les sneakers addicts !<\/strong><\/p>\n<p><strong>SKU :<\/strong> EG5293<br \/><strong>Date de sortie :<\/strong> Mai 2019<br \/><strong>Colorway :<\/strong> GLOW\/GLOW\/GLOW<\/p>\n","protected":false},"excerpt":{"rendered":"<p>La Yeezy Boost 350 V2 est de retour dans une version in [&hellip;]<\/p>\n","protected":false},"featured_media":22301,"template":"","meta":[],"product_brand":[],"product_cat":[176,43],"product_tag":[],"class_list":{"0":"post-22300","1":"product","2":"type-product","3":"status-publish","4":"has-post-thumbnail","6":"product_cat-sneakers","7":"product_cat-yeezy-350-v2","9":"first","10":"instock","11":"sale","12":"shipping-taxable","13":"purchasable","14":"product-type-variable"},"_links":{"self":[{"href":"https:\/\/yeezy.xianzhi.org\/index.php?rest_route=\/wp\/v2\/product\/22300","targetHints":{"allow":["GET"]}}],"collection":[{"href":"https:\/\/yeezy.xianzhi.org\/index.php?rest_route=\/wp\/v2\/product"}],"about":[{"href":"https:\/\/yeezy.xianzhi.org\/index.php?rest_route=\/wp\/v2\/types\/product"}],"wp:featuredmedia":[{"embeddable":true,"href":"https:\/\/yeezy.xianzhi.org\/index.php?rest_route=\/wp\/v2\/media\/22301"}],"wp:attachment":[{"href":"https:\/\/yeezy.xianzhi.org\/index.php?rest_route=%2Fwp%2Fv2%2Fmedia&parent=22300"}],"wp:term":[{"taxonomy":"product_brand","embeddable":true,"href":"https:\/\/yeezy.xianzhi.org\/index.php?rest_route=%2Fwp%2Fv2%2Fproduct_brand&post=22300"},{"taxonomy":"product_cat","embeddable":true,"href":"https:\/\/yeezy.xianzhi.org\/index.php?rest_route=%2Fwp%2Fv2%2Fproduct_cat&post=22300"},{"taxonomy":"product_tag","embeddable":true,"href":"https:\/\/yeezy.xianzhi.org\/index.php?rest_route=%2Fwp%2Fv2%2Fproduct_tag&post=22300"}],"curies":[{"name":"wp","href":"https:\/\/api.w.org\/{rel}","templated":true}]}}