{"id":22288,"date":"2025-07-15T00:53:20","date_gmt":"2025-07-14T16:53:20","guid":{"rendered":"https:\/\/yeezy.xianzhi.org\/?post_type=product&#038;p=22288"},"modified":"2025-07-15T01:33:08","modified_gmt":"2025-07-14T17:33:08","slug":"adidas-yeezy-boost-350-v2-black-green","status":"publish","type":"product","link":"https:\/\/yeezy.xianzhi.org\/?product=adidas-yeezy-boost-350-v2-black-green","title":{"rendered":"Adidas Yeezy Boost 350 V2 Black Green"},"content":{"rendered":"<p><strong><\/strong><meta charset=\"utf-8\"><b data-mce-fragment=\"1\" data-stringify-type=\"bold\"><\/b><span style=\"font-size: 11.5pt; font-family: 'Helvetica'.sans-serif; color: black;\">La <strong><span style=\"font-family: 'Helvetica'.sans-serif;\">Yeezy Boost 350 V2 Black Green<\/span><\/strong><span style=\"font-family: 'Helvetica'.sans-serif;\">\u00a0<\/span>imagin\u00e9e par Kanye West s&#8217;illustre par sa simplicit\u00e9 ! Avec son empeigne noire. la particularit\u00e9 de cette<strong> Yeezy<\/strong> est qu&#8217;elle est travers\u00e9e par une bande verte sur laquelle on retrouve l&#8217;\u00e9criture SPLY-350 en noir. ton sur ton.<\/span><\/p>\n<p style=\"font-variant-ligatures: normal; font-variant-caps: normal; orphans: 2; widows: 2; -webkit-text-stroke-width: 0px; text-decoration-style: initial; text-decoration-color: initial; word-spacing: 0px; margin: 0cm 0cm 12.0pt 0cm;\"><span style=\"font-size: 11.5pt; font-family: 'Helvetica'.sans-serif; color: black;\">La silhouette repose sur une semelle Adidas boost noire semi-translucide. laissant appara\u00eetre l\u00e9g\u00e8rement la semelle int\u00e9rieure et soulignant ainsi l&#8217;aspect monochrome du mod\u00e8le.<\/span><\/p>\n<p style=\"font-variant-ligatures: normal; font-variant-caps: normal; orphans: 2; widows: 2; -webkit-text-stroke-width: 0px; text-decoration-style: initial; text-decoration-color: initial; word-spacing: 0px; margin: 0cm 0cm 12.0pt 0cm;\"><span style=\"font-size: 11.5pt; font-family: 'Helvetica'.sans-serif; color: black;\">Sneaker au design unique. cette paire rappelle la  et son visuel sobre. d&#8217;ores et d\u00e9j\u00e0 un classique chez les sneakers addict !<\/span><\/p>\n<p><strong>SKU :<\/strong> <span>BY9611<br \/><strong>Date de sortie :<\/strong> F\u00e9vrier 2017<br \/><strong>Colorway :<\/strong> <span>CORE BLACK\/GREEN\/CORE BLACK<\/span><\/span><\/p>\n","protected":false},"excerpt":{"rendered":"<p>La Yeezy Boost 350 V2 Black Green\u00a0imagin\u00e9e par Kanye We [&hellip;]<\/p>\n","protected":false},"featured_media":22295,"template":"","meta":[],"product_brand":[],"product_cat":[176,43],"product_tag":[],"class_list":{"0":"post-22288","1":"product","2":"type-product","3":"status-publish","4":"has-post-thumbnail","6":"product_cat-sneakers","7":"product_cat-yeezy-350-v2","9":"first","10":"instock","11":"sale","12":"shipping-taxable","13":"purchasable","14":"product-type-variable"},"_links":{"self":[{"href":"https:\/\/yeezy.xianzhi.org\/index.php?rest_route=\/wp\/v2\/product\/22288","targetHints":{"allow":["GET"]}}],"collection":[{"href":"https:\/\/yeezy.xianzhi.org\/index.php?rest_route=\/wp\/v2\/product"}],"about":[{"href":"https:\/\/yeezy.xianzhi.org\/index.php?rest_route=\/wp\/v2\/types\/product"}],"wp:featuredmedia":[{"embeddable":true,"href":"https:\/\/yeezy.xianzhi.org\/index.php?rest_route=\/wp\/v2\/media\/22295"}],"wp:attachment":[{"href":"https:\/\/yeezy.xianzhi.org\/index.php?rest_route=%2Fwp%2Fv2%2Fmedia&parent=22288"}],"wp:term":[{"taxonomy":"product_brand","embeddable":true,"href":"https:\/\/yeezy.xianzhi.org\/index.php?rest_route=%2Fwp%2Fv2%2Fproduct_brand&post=22288"},{"taxonomy":"product_cat","embeddable":true,"href":"https:\/\/yeezy.xianzhi.org\/index.php?rest_route=%2Fwp%2Fv2%2Fproduct_cat&post=22288"},{"taxonomy":"product_tag","embeddable":true,"href":"https:\/\/yeezy.xianzhi.org\/index.php?rest_route=%2Fwp%2Fv2%2Fproduct_tag&post=22288"}],"curies":[{"name":"wp","href":"https:\/\/api.w.org\/{rel}","templated":true}]}}