{"id":22281,"date":"2025-07-15T00:53:13","date_gmt":"2025-07-14T16:53:13","guid":{"rendered":"https:\/\/yeezy.xianzhi.org\/?post_type=product&#038;p=22281"},"modified":"2025-07-15T01:33:08","modified_gmt":"2025-07-14T17:33:08","slug":"adidas-yeezy-boost-350-v2-copper","status":"publish","type":"product","link":"https:\/\/yeezy.xianzhi.org\/?product=adidas-yeezy-boost-350-v2-copper","title":{"rendered":"Adidas Yeezy Boost 350 V2 Copper"},"content":{"rendered":"<p><strong><\/strong><meta charset=\"utf-8\"><b data-stringify-type=\"bold\" data-mce-fragment=\"1\"><\/b>La <strong>Yeezy Boost 350 V2<\/strong> est le mod\u00e8le le plus populaire de la marque Yeezy. Kanye West et Adidas donnent \u00e0 cette paire plusieurs nouvelles versions. ressembl\u00e9es au sein d&#8217;un seul et m\u00eame pack. Les \u00e9ditions <strong>Black\/Red<\/strong>. <strong>Black\/Green<\/strong> et <strong>Black Copper<\/strong>.<\/p>\n<p>L&#8217;\u00e9dition Black Copper se compose d&#8217;une empeigne en Primeknit noire d\u00e9cor\u00e9e et travers\u00e9e par une bande orange p\u00e2le. L&#8217;inscription SPLY-350 propre au mod\u00e8le est inscrite sur cette bande. Le design \u00e9pur\u00e9 de cette Yeezy Black Copper repose sur une semelle noire aux reflets orang\u00e9s. \u00e9quip\u00e9e de la technologie Boost.<\/p>\n<p>Une \u00e9dition in\u00e9dite au visuel sobre qui saura se faire une place dans le c\u0153ur des fans du designer et des amateurs de sneakers !<\/p>\n<p><strong>SKU :<\/strong> BY1605<br \/><strong>Date de sortie :<\/strong> Novembre 2016<br \/><strong>Colorway :<\/strong> CORE BLACK\/COPPER\/CORE BLACK<\/p>\n","protected":false},"excerpt":{"rendered":"<p>La Yeezy Boost 350 V2 est le mod\u00e8le le plus populaire d [&hellip;]<\/p>\n","protected":false},"featured_media":22284,"template":"","meta":[],"product_brand":[],"product_cat":[176,43],"product_tag":[],"class_list":{"0":"post-22281","1":"product","2":"type-product","3":"status-publish","4":"has-post-thumbnail","6":"product_cat-sneakers","7":"product_cat-yeezy-350-v2","9":"first","10":"instock","11":"sale","12":"shipping-taxable","13":"purchasable","14":"product-type-variable"},"_links":{"self":[{"href":"https:\/\/yeezy.xianzhi.org\/index.php?rest_route=\/wp\/v2\/product\/22281","targetHints":{"allow":["GET"]}}],"collection":[{"href":"https:\/\/yeezy.xianzhi.org\/index.php?rest_route=\/wp\/v2\/product"}],"about":[{"href":"https:\/\/yeezy.xianzhi.org\/index.php?rest_route=\/wp\/v2\/types\/product"}],"wp:featuredmedia":[{"embeddable":true,"href":"https:\/\/yeezy.xianzhi.org\/index.php?rest_route=\/wp\/v2\/media\/22284"}],"wp:attachment":[{"href":"https:\/\/yeezy.xianzhi.org\/index.php?rest_route=%2Fwp%2Fv2%2Fmedia&parent=22281"}],"wp:term":[{"taxonomy":"product_brand","embeddable":true,"href":"https:\/\/yeezy.xianzhi.org\/index.php?rest_route=%2Fwp%2Fv2%2Fproduct_brand&post=22281"},{"taxonomy":"product_cat","embeddable":true,"href":"https:\/\/yeezy.xianzhi.org\/index.php?rest_route=%2Fwp%2Fv2%2Fproduct_cat&post=22281"},{"taxonomy":"product_tag","embeddable":true,"href":"https:\/\/yeezy.xianzhi.org\/index.php?rest_route=%2Fwp%2Fv2%2Fproduct_tag&post=22281"}],"curies":[{"name":"wp","href":"https:\/\/api.w.org\/{rel}","templated":true}]}}