{"id":22274,"date":"2025-07-15T00:53:07","date_gmt":"2025-07-14T16:53:07","guid":{"rendered":"https:\/\/yeezy.xianzhi.org\/?post_type=product&#038;p=22274"},"modified":"2025-07-15T01:33:08","modified_gmt":"2025-07-14T17:33:08","slug":"adidas-yeezy-boost-350-pirate-black","status":"publish","type":"product","link":"https:\/\/yeezy.xianzhi.org\/?product=adidas-yeezy-boost-350-pirate-black","title":{"rendered":"Adidas Yeezy Boost 350 Pirate Black"},"content":{"rendered":"<p>Disparue des radars le temps de quelques mois. la collaboration entre <strong>Kanye West<\/strong> et  est de retour avec la r\u00e9\u00e9dition d&#8217;un coloris quasi-monochrome de la .<\/p>\n<p>Fid\u00e8le \u00e0 elle-m\u00eame. cette\u00a0<strong>Yeezy Boost 350 Pirate Black<\/strong> pr\u00e9sente une tige en <strong>Primeknit noir et gris fonc\u00e9<\/strong>. accompagn\u00e9e d&#8217;un empi\u00e8cement en <strong>daim<\/strong> ton sur ton sur chaque face int\u00e9rieure et sur lequel on peut retrouver la mention &#8220;<strong>YZY<\/strong>&#8220;. Une \u00e9paisse <strong>couture en relief<\/strong> traverse l&#8217;avant du pied tandis que l&#8217;embl\u00e9matique semelle <strong>Boost<\/strong> sublime cette silhouette.<\/p>\n<p>Initialement sorti en <strong>2015<\/strong>. ce mod\u00e8le conna\u00eet donc une nouvelle r\u00e9\u00e9dition apr\u00e8s <strong>2016<\/strong>.<\/p>\n<p><strong>SKU<\/strong> :\u00a0BB5350<br \/><strong>Date de sortie<\/strong> : Juin 2023<br \/><strong>Colorway<\/strong> :\u00a0PIRATE BLACK\/BLUE GRAPHITE\/CORE BLACK<\/p>\n","protected":false},"excerpt":{"rendered":"<p>Disparue des radars le temps de quelques mois. la colla [&hellip;]<\/p>\n","protected":false},"featured_media":22275,"template":"","meta":[],"product_brand":[],"product_cat":[176,43],"product_tag":[],"class_list":{"0":"post-22274","1":"product","2":"type-product","3":"status-publish","4":"has-post-thumbnail","6":"product_cat-sneakers","7":"product_cat-yeezy-350-v2","9":"first","10":"instock","11":"sale","12":"shipping-taxable","13":"purchasable","14":"product-type-variable"},"_links":{"self":[{"href":"https:\/\/yeezy.xianzhi.org\/index.php?rest_route=\/wp\/v2\/product\/22274","targetHints":{"allow":["GET"]}}],"collection":[{"href":"https:\/\/yeezy.xianzhi.org\/index.php?rest_route=\/wp\/v2\/product"}],"about":[{"href":"https:\/\/yeezy.xianzhi.org\/index.php?rest_route=\/wp\/v2\/types\/product"}],"wp:featuredmedia":[{"embeddable":true,"href":"https:\/\/yeezy.xianzhi.org\/index.php?rest_route=\/wp\/v2\/media\/22275"}],"wp:attachment":[{"href":"https:\/\/yeezy.xianzhi.org\/index.php?rest_route=%2Fwp%2Fv2%2Fmedia&parent=22274"}],"wp:term":[{"taxonomy":"product_brand","embeddable":true,"href":"https:\/\/yeezy.xianzhi.org\/index.php?rest_route=%2Fwp%2Fv2%2Fproduct_brand&post=22274"},{"taxonomy":"product_cat","embeddable":true,"href":"https:\/\/yeezy.xianzhi.org\/index.php?rest_route=%2Fwp%2Fv2%2Fproduct_cat&post=22274"},{"taxonomy":"product_tag","embeddable":true,"href":"https:\/\/yeezy.xianzhi.org\/index.php?rest_route=%2Fwp%2Fv2%2Fproduct_tag&post=22274"}],"curies":[{"name":"wp","href":"https:\/\/api.w.org\/{rel}","templated":true}]}}