{"id":22266,"date":"2025-07-15T00:53:00","date_gmt":"2025-07-14T16:53:00","guid":{"rendered":"https:\/\/yeezy.xianzhi.org\/?post_type=product&#038;p=22266"},"modified":"2025-07-15T01:33:09","modified_gmt":"2025-07-14T17:33:09","slug":"adidas-yeezy-boost-350-v2-granite","status":"publish","type":"product","link":"https:\/\/yeezy.xianzhi.org\/?product=adidas-yeezy-boost-350-v2-granite","title":{"rendered":"Adidas Yeezy Boost 350 V2 Granite"},"content":{"rendered":"<p><meta charset=\"utf-8\"> <\/p>\n<p class=\"lead\" data-mce-fragment=\"1\">Reprenant le design initial de la<strong> Yeezy Boost 350 V2<\/strong>. la paire pr\u00e9sente un upper monochrome en <strong>primeknit<\/strong> gris qui tend vers le vert. On retrouve aussi une bande lat\u00e9rale noire arborant l&#8217;inscription<strong> SPLY-350<\/strong> ainsi que des lacets ronds. La silhouette est con\u00e7ue \u00e0 partir de <strong>50% de mat\u00e9riaux recycl\u00e9s<\/strong> et dispose d&#8217;une <strong>semelle Boost<\/strong> \u00e0 sillons semi-translucide grise.<\/p>\n<p data-mce-fragment=\"1\"><meta charset=\"utf-8\"><strong>Sku<\/strong><span>\u00a0<\/span><span>:\u00a0<meta charset=\"utf-8\">HQ2059<\/span><br \/><strong>Release date<\/strong><span>\u00a0<\/span><span>: 2023<\/span><br \/><strong>Colorway<\/strong><span>\u00a0<\/span><span>:\u00a0<meta charset=\"utf-8\">Granite\/Core Black<\/span><\/p>\n","protected":false},"excerpt":{"rendered":"<p>Reprenant le design initial de la Yeezy Boost 350 V2. l [&hellip;]<\/p>\n","protected":false},"featured_media":22270,"template":"","meta":[],"product_brand":[],"product_cat":[176,43],"product_tag":[],"class_list":{"0":"post-22266","1":"product","2":"type-product","3":"status-publish","4":"has-post-thumbnail","6":"product_cat-sneakers","7":"product_cat-yeezy-350-v2","9":"first","10":"instock","11":"sale","12":"shipping-taxable","13":"purchasable","14":"product-type-variable"},"_links":{"self":[{"href":"https:\/\/yeezy.xianzhi.org\/index.php?rest_route=\/wp\/v2\/product\/22266","targetHints":{"allow":["GET"]}}],"collection":[{"href":"https:\/\/yeezy.xianzhi.org\/index.php?rest_route=\/wp\/v2\/product"}],"about":[{"href":"https:\/\/yeezy.xianzhi.org\/index.php?rest_route=\/wp\/v2\/types\/product"}],"wp:featuredmedia":[{"embeddable":true,"href":"https:\/\/yeezy.xianzhi.org\/index.php?rest_route=\/wp\/v2\/media\/22270"}],"wp:attachment":[{"href":"https:\/\/yeezy.xianzhi.org\/index.php?rest_route=%2Fwp%2Fv2%2Fmedia&parent=22266"}],"wp:term":[{"taxonomy":"product_brand","embeddable":true,"href":"https:\/\/yeezy.xianzhi.org\/index.php?rest_route=%2Fwp%2Fv2%2Fproduct_brand&post=22266"},{"taxonomy":"product_cat","embeddable":true,"href":"https:\/\/yeezy.xianzhi.org\/index.php?rest_route=%2Fwp%2Fv2%2Fproduct_cat&post=22266"},{"taxonomy":"product_tag","embeddable":true,"href":"https:\/\/yeezy.xianzhi.org\/index.php?rest_route=%2Fwp%2Fv2%2Fproduct_tag&post=22266"}],"curies":[{"name":"wp","href":"https:\/\/api.w.org\/{rel}","templated":true}]}}