{"id":22228,"date":"2025-07-15T00:52:26","date_gmt":"2025-07-14T16:52:26","guid":{"rendered":"https:\/\/yeezy.xianzhi.org\/?post_type=product&#038;p=22228"},"modified":"2025-07-15T01:33:10","modified_gmt":"2025-07-14T17:33:10","slug":"adidas-yeezy-boost-350-v2-mono-clay","status":"publish","type":"product","link":"https:\/\/yeezy.xianzhi.org\/?product=adidas-yeezy-boost-350-v2-mono-clay","title":{"rendered":"Adidas Yeezy Boost 350 V2 Mono Clay"},"content":{"rendered":"<p> et le rappeur de Chicago ne cesse d&#8217;innover au travers de nouveaux coloris et de nouveaux design ! En t\u00e9moigne le nouveau <strong>Mono Pack<\/strong>. d\u00e9voilant trois nouveaux coloris pour la fameuse <strong>Yeezy Boost 350 V2<\/strong> !<\/p>\n<p class=\"_1zmv_\">La <strong>Adidas Yeezy Boost 350 V2 Mono Clay<\/strong> se pare d&#8217;une base translucide orange p\u00e2le relev\u00e9e par une <strong>stripe<\/strong> oscillant entre jaune et orange. On y retrouve un tirant arri\u00e8re l\u00e9g\u00e8rement <strong>ros\u00e9<\/strong>. L&#8217;habituelle midsole \u00e9quip\u00e9e de la technologie <strong>Boost<\/strong>. coupl\u00e9e \u00e0 des lacets et une outsole assorties vient sublimer l&#8217;ensemble.<\/p>\n<p class=\"_1zmv_\">Teas\u00e9 depuis plusieurs semaines. ce nouveau <strong>Mono Pack<\/strong> insuffle une nouvelle \u00e9nergie \u00e0 la gamme des Yeezy 350 V2.<\/p>\n<p><strong>SKU<\/strong> : GW2870 <br \/><strong>Date de sortie<\/strong> : Juin 2021<br \/><strong>Colorway<\/strong> : MONO CLAY\/MONO CLAY\/MONO CLAY<\/p>\n","protected":false},"excerpt":{"rendered":"<p>et le rappeur de Chicago ne cesse d&#8217;innover au tr [&hellip;]<\/p>\n","protected":false},"featured_media":22234,"template":"","meta":[],"product_brand":[],"product_cat":[176,43],"product_tag":[],"class_list":{"0":"post-22228","1":"product","2":"type-product","3":"status-publish","4":"has-post-thumbnail","6":"product_cat-sneakers","7":"product_cat-yeezy-350-v2","9":"first","10":"instock","11":"sale","12":"shipping-taxable","13":"purchasable","14":"product-type-variable"},"_links":{"self":[{"href":"https:\/\/yeezy.xianzhi.org\/index.php?rest_route=\/wp\/v2\/product\/22228","targetHints":{"allow":["GET"]}}],"collection":[{"href":"https:\/\/yeezy.xianzhi.org\/index.php?rest_route=\/wp\/v2\/product"}],"about":[{"href":"https:\/\/yeezy.xianzhi.org\/index.php?rest_route=\/wp\/v2\/types\/product"}],"wp:featuredmedia":[{"embeddable":true,"href":"https:\/\/yeezy.xianzhi.org\/index.php?rest_route=\/wp\/v2\/media\/22234"}],"wp:attachment":[{"href":"https:\/\/yeezy.xianzhi.org\/index.php?rest_route=%2Fwp%2Fv2%2Fmedia&parent=22228"}],"wp:term":[{"taxonomy":"product_brand","embeddable":true,"href":"https:\/\/yeezy.xianzhi.org\/index.php?rest_route=%2Fwp%2Fv2%2Fproduct_brand&post=22228"},{"taxonomy":"product_cat","embeddable":true,"href":"https:\/\/yeezy.xianzhi.org\/index.php?rest_route=%2Fwp%2Fv2%2Fproduct_cat&post=22228"},{"taxonomy":"product_tag","embeddable":true,"href":"https:\/\/yeezy.xianzhi.org\/index.php?rest_route=%2Fwp%2Fv2%2Fproduct_tag&post=22228"}],"curies":[{"name":"wp","href":"https:\/\/api.w.org\/{rel}","templated":true}]}}