{"id":22227,"date":"2025-07-15T00:52:26","date_gmt":"2025-07-14T16:52:26","guid":{"rendered":"https:\/\/yeezy.xianzhi.org\/?post_type=product&#038;p=22227"},"modified":"2025-07-15T01:33:10","modified_gmt":"2025-07-14T17:33:10","slug":"adidas-yeezy-boost-350-v2-mono-ice","status":"publish","type":"product","link":"https:\/\/yeezy.xianzhi.org\/?product=adidas-yeezy-boost-350-v2-mono-ice","title":{"rendered":"Adidas Yeezy Boost 350 V2 Mono Ice"},"content":{"rendered":"<p>V\u00e9ritable pionner de la mode. <strong>Kanye West<\/strong> arrive encore \u00e0 nous surprendre. En t\u00e9moigne cette nouvelle . qui se d\u00e9marque des autres \u00e9ditions gr\u00e2ce \u00e0 une empeigne translucide.<\/p>\n<p>La <strong>Adidas Yeezy Boost 350 V2 Mono Ice<\/strong> affiche une base <strong>translucide<\/strong> reprenant plusieurs nuances de bleu ciel. On y retrouve l&#8217;habituel <strong>stripe<\/strong> avec cette fois-ci un bleu l\u00e9g\u00e8rement plus fonc\u00e9. Plusieurs motifs rappelant la forme de la  viennent s&#8217;ajouter \u00e0 l&#8217;ensemble. tandis qu&#8217;une midsole blanche peaufine le tout.<\/p>\n<p>Teas\u00e9 depuis plusieurs semaines. ce nouveau <strong>Mono Pack<\/strong> insuffle une nouvelle \u00e9nergie \u00e0 la gamme des Yeezy 350 V2.<\/p>\n<p><strong>SKU<\/strong> : <span data-mce-fragment=\"1\">GW2869 <br \/><strong>Date de sortie<\/strong> : Juin 2021<br \/><strong>Colorway<\/strong> : MONO ICE\/MONO ICE\/MONO ICE<br \/><\/span><\/p>\n","protected":false},"excerpt":{"rendered":"<p>V\u00e9ritable pionner de la mode. Kanye West arrive encore  [&hellip;]<\/p>\n","protected":false},"featured_media":22229,"template":"","meta":[],"product_brand":[],"product_cat":[176,43],"product_tag":[],"class_list":{"0":"post-22227","1":"product","2":"type-product","3":"status-publish","4":"has-post-thumbnail","6":"product_cat-sneakers","7":"product_cat-yeezy-350-v2","9":"first","10":"instock","11":"sale","12":"shipping-taxable","13":"purchasable","14":"product-type-variable"},"_links":{"self":[{"href":"https:\/\/yeezy.xianzhi.org\/index.php?rest_route=\/wp\/v2\/product\/22227","targetHints":{"allow":["GET"]}}],"collection":[{"href":"https:\/\/yeezy.xianzhi.org\/index.php?rest_route=\/wp\/v2\/product"}],"about":[{"href":"https:\/\/yeezy.xianzhi.org\/index.php?rest_route=\/wp\/v2\/types\/product"}],"wp:featuredmedia":[{"embeddable":true,"href":"https:\/\/yeezy.xianzhi.org\/index.php?rest_route=\/wp\/v2\/media\/22229"}],"wp:attachment":[{"href":"https:\/\/yeezy.xianzhi.org\/index.php?rest_route=%2Fwp%2Fv2%2Fmedia&parent=22227"}],"wp:term":[{"taxonomy":"product_brand","embeddable":true,"href":"https:\/\/yeezy.xianzhi.org\/index.php?rest_route=%2Fwp%2Fv2%2Fproduct_brand&post=22227"},{"taxonomy":"product_cat","embeddable":true,"href":"https:\/\/yeezy.xianzhi.org\/index.php?rest_route=%2Fwp%2Fv2%2Fproduct_cat&post=22227"},{"taxonomy":"product_tag","embeddable":true,"href":"https:\/\/yeezy.xianzhi.org\/index.php?rest_route=%2Fwp%2Fv2%2Fproduct_tag&post=22227"}],"curies":[{"name":"wp","href":"https:\/\/api.w.org\/{rel}","templated":true}]}}