{"id":22214,"date":"2025-07-15T00:52:13","date_gmt":"2025-07-14T16:52:13","guid":{"rendered":"https:\/\/yeezy.xianzhi.org\/?post_type=product&#038;p=22214"},"modified":"2025-07-15T01:33:10","modified_gmt":"2025-07-14T17:33:10","slug":"adidas-yeezy-boost-350-v2-natural","status":"publish","type":"product","link":"https:\/\/yeezy.xianzhi.org\/?product=adidas-yeezy-boost-350-v2-natural","title":{"rendered":"Adidas Yeezy Boost 350 V2 Natural"},"content":{"rendered":"<p><strong><\/strong><meta charset=\"utf-8\"><b data-mce-fragment=\"1\" data-stringify-type=\"bold\"><\/b>La famille des  s&#8217;agrandit une nouvelle fois avec l&#8217;arriv\u00e9e du coloris <b>Natural<\/b>. Avec des tons clairs. et facile \u00e0 porter cette d\u00e9clinaison sera parfaite pour la rentr\u00e9e.<br data-mce-fragment=\"1\"><br data-mce-fragment=\"1\">La <strong>Adidas Yeezy Boost 350 V2 Natural<\/strong> se compose d&#8217;un upper en <strong>Primeknit blanc cass\u00e9<\/strong>. Comme sur pratiquement toutes les Yeezy les plus r\u00e9centes. le heeltab est cette fois absent de la silhouette. La bande <strong>translucide<\/strong> apporte encore cette touche de modernit\u00e9 qui plait tant. Elle est \u00e9galement appuy\u00e9e par des notes beiges\/cr\u00e8mes sur l&#8217;irrempla\u00e7able semelle <strong>Boost<\/strong>.<br data-mce-fragment=\"1\"><br data-mce-fragment=\"1\">Ce coloris in\u00e9dit ne manquera pas de cr\u00e9er la sensation chez les amateurs du m\u00e9diatique designer <strong>Kanye West<\/strong> et plus g\u00e9n\u00e9ralement chez les fans d&#8217;Adidas.<\/p>\n<p><meta charset=\"utf-8\"><strong>SKU<\/strong><span> : <meta charset=\"utf-8\">FZ5246<\/span><br \/><strong>Date de sortie<\/strong><span> : Octobre 2020<\/span><br \/><strong>Colorway<\/strong><span> : NATURAL \/ NATURAL \/ NATURAL<\/span><\/p>\n","protected":false},"excerpt":{"rendered":"<p>La famille des s&#8217;agrandit une nouvelle fois avec  [&hellip;]<\/p>\n","protected":false},"featured_media":22217,"template":"","meta":[],"product_brand":[],"product_cat":[176,43],"product_tag":[],"class_list":{"0":"post-22214","1":"product","2":"type-product","3":"status-publish","4":"has-post-thumbnail","6":"product_cat-sneakers","7":"product_cat-yeezy-350-v2","9":"first","10":"instock","11":"sale","12":"shipping-taxable","13":"purchasable","14":"product-type-variable"},"_links":{"self":[{"href":"https:\/\/yeezy.xianzhi.org\/index.php?rest_route=\/wp\/v2\/product\/22214","targetHints":{"allow":["GET"]}}],"collection":[{"href":"https:\/\/yeezy.xianzhi.org\/index.php?rest_route=\/wp\/v2\/product"}],"about":[{"href":"https:\/\/yeezy.xianzhi.org\/index.php?rest_route=\/wp\/v2\/types\/product"}],"wp:featuredmedia":[{"embeddable":true,"href":"https:\/\/yeezy.xianzhi.org\/index.php?rest_route=\/wp\/v2\/media\/22217"}],"wp:attachment":[{"href":"https:\/\/yeezy.xianzhi.org\/index.php?rest_route=%2Fwp%2Fv2%2Fmedia&parent=22214"}],"wp:term":[{"taxonomy":"product_brand","embeddable":true,"href":"https:\/\/yeezy.xianzhi.org\/index.php?rest_route=%2Fwp%2Fv2%2Fproduct_brand&post=22214"},{"taxonomy":"product_cat","embeddable":true,"href":"https:\/\/yeezy.xianzhi.org\/index.php?rest_route=%2Fwp%2Fv2%2Fproduct_cat&post=22214"},{"taxonomy":"product_tag","embeddable":true,"href":"https:\/\/yeezy.xianzhi.org\/index.php?rest_route=%2Fwp%2Fv2%2Fproduct_tag&post=22214"}],"curies":[{"name":"wp","href":"https:\/\/api.w.org\/{rel}","templated":true}]}}