{"id":22202,"date":"2025-07-15T00:52:03","date_gmt":"2025-07-14T16:52:03","guid":{"rendered":"https:\/\/yeezy.xianzhi.org\/?post_type=product&#038;p=22202"},"modified":"2025-07-15T01:33:11","modified_gmt":"2025-07-14T17:33:11","slug":"adidas-yeezy-boost-350-v2-mx-dark-sea-salt","status":"publish","type":"product","link":"https:\/\/yeezy.xianzhi.org\/?product=adidas-yeezy-boost-350-v2-mx-dark-sea-salt","title":{"rendered":"Adidas Yeezy Boost 350 V2 MX Dark Sea Salt"},"content":{"rendered":"<p><meta charset=\"utf-8\"><span data-mce-fragment=\"1\">La <strong>Boost 350 V2 &#8216;MX Dark Salt&#8217;<\/strong> pr\u00e9sente une palette de couleurs nuanc\u00e9e qui fusionne tout un spectre de tons neutres. Maintenue par une fermeture \u00e0 lacets standard. la tige en <strong>Primeknit<\/strong> est habill\u00e9e de teintes compl\u00e9mentaires de gris argent\u00e9 et de noir. Le motif tourbillonnant est contrebalanc\u00e9 par une bande lat\u00e9rale en noir. qui traverse le c\u00f4t\u00e9 lat\u00e9ral et correspond \u00e0 la tirette en toile fix\u00e9e au talon. Un amorti r\u00e9actif est assur\u00e9 par une <strong>semelle interm\u00e9diaire Boost<\/strong> pleine longueur. envelopp\u00e9e dans une cage en<strong> TPU<\/strong> c\u00f4tel\u00e9e et soutenue par une semelle ext\u00e9rieure en caoutchouc adh\u00e9rent.<\/p>\n<p><meta charset=\"utf-8\"> <strong data-mce-fragment=\"1\">SKU<\/strong>\u00a0:\u00a0<meta charset=\"utf-8\">ID4811<br data-mce-fragment=\"1\"><strong data-mce-fragment=\"1\">Date de sortie<\/strong>\u00a0: Ao\u00fbt 2023<br \/><strong data-mce-fragment=\"1\">Colorway<\/strong>\u00a0:\u00a0<meta charset=\"utf-8\">MX Dark Salt\/MX Dark Salt\/MX Dark Salt<\/span><\/p>\n","protected":false},"excerpt":{"rendered":"<p>La Boost 350 V2 &#8216;MX Dark Salt&#8217; pr\u00e9sente une [&hellip;]<\/p>\n","protected":false},"featured_media":22204,"template":"","meta":[],"product_brand":[],"product_cat":[176,43],"product_tag":[],"class_list":{"0":"post-22202","1":"product","2":"type-product","3":"status-publish","4":"has-post-thumbnail","6":"product_cat-sneakers","7":"product_cat-yeezy-350-v2","9":"first","10":"instock","11":"sale","12":"shipping-taxable","13":"purchasable","14":"product-type-variable"},"_links":{"self":[{"href":"https:\/\/yeezy.xianzhi.org\/index.php?rest_route=\/wp\/v2\/product\/22202","targetHints":{"allow":["GET"]}}],"collection":[{"href":"https:\/\/yeezy.xianzhi.org\/index.php?rest_route=\/wp\/v2\/product"}],"about":[{"href":"https:\/\/yeezy.xianzhi.org\/index.php?rest_route=\/wp\/v2\/types\/product"}],"wp:featuredmedia":[{"embeddable":true,"href":"https:\/\/yeezy.xianzhi.org\/index.php?rest_route=\/wp\/v2\/media\/22204"}],"wp:attachment":[{"href":"https:\/\/yeezy.xianzhi.org\/index.php?rest_route=%2Fwp%2Fv2%2Fmedia&parent=22202"}],"wp:term":[{"taxonomy":"product_brand","embeddable":true,"href":"https:\/\/yeezy.xianzhi.org\/index.php?rest_route=%2Fwp%2Fv2%2Fproduct_brand&post=22202"},{"taxonomy":"product_cat","embeddable":true,"href":"https:\/\/yeezy.xianzhi.org\/index.php?rest_route=%2Fwp%2Fv2%2Fproduct_cat&post=22202"},{"taxonomy":"product_tag","embeddable":true,"href":"https:\/\/yeezy.xianzhi.org\/index.php?rest_route=%2Fwp%2Fv2%2Fproduct_tag&post=22202"}],"curies":[{"name":"wp","href":"https:\/\/api.w.org\/{rel}","templated":true}]}}