{"id":22188,"date":"2025-07-15T00:51:52","date_gmt":"2025-07-14T16:51:52","guid":{"rendered":"https:\/\/yeezy.xianzhi.org\/?post_type=product&#038;p=22188"},"modified":"2025-07-15T01:33:11","modified_gmt":"2025-07-14T17:33:11","slug":"adidas-yeezy-boost-350-v2-zyon","status":"publish","type":"product","link":"https:\/\/yeezy.xianzhi.org\/?product=adidas-yeezy-boost-350-v2-zyon","title":{"rendered":"Adidas Yeezy Boost 350 V2 Zyon"},"content":{"rendered":"<p><strong><\/strong><meta charset=\"utf-8\"><b data-mce-fragment=\"1\" data-stringify-type=\"bold\"><\/b>L&#8217;artiste am\u00e9ricain Kanye West et  ont su combler l&#8217;attente de la communaut\u00e9 sneakers en ce d\u00e9but d&#8217;ann\u00e9e 2020 avec des sorties telles que la <span style=\"text-decoration: underline;\"><strong>.<\/strong><\/span> Anticipant le retour des beaux jours. Kanye West d\u00e9voile la <strong>Yeezy 350 V2 Zyon<\/strong>.<\/p>\n<p>La <strong>Adidas Yeezy 350 V2 Zyon<\/strong> pr\u00e9sente une base compos\u00e9e d&#8217;un m\u00e9lange de plusieurs teintes donnant un rendu de coloris d\u00e9structur\u00e9. \u00e0 l&#8217;instar de la Yecheil par exemple. On retrouve du beige et du gris notamment. accord\u00e9 \u00e0 la bande semi-translucide noire sur le quarter panel. La semelle Boost blanche vient compl\u00e9ter le design de la nouvelle it\u00e9ration sign\u00e9e Yeezy.<\/p>\n<p>Yeezy continue de surprendre avec de nouveaux coloris et m\u00eame des nouveaux mod\u00e8les. Jusqu&#8217;o\u00f9 iront ces cr\u00e9ations pour continuer de satisfaire les attentes des passionn\u00e9s ?<\/p>\n<p><strong>SKU<\/strong> : FX1267\u00a0<br \/><strong>Date de sortie<\/strong> : Printemps 2020 <br \/><strong>Colorway<\/strong> : <span>ZYON\/ZYON<\/span><\/p>\n","protected":false},"excerpt":{"rendered":"<p>L&#8217;artiste am\u00e9ricain Kanye West et ont su combler  [&hellip;]<\/p>\n","protected":false},"featured_media":22190,"template":"","meta":[],"product_brand":[],"product_cat":[176,43],"product_tag":[],"class_list":{"0":"post-22188","1":"product","2":"type-product","3":"status-publish","4":"has-post-thumbnail","6":"product_cat-sneakers","7":"product_cat-yeezy-350-v2","9":"first","10":"instock","11":"sale","12":"shipping-taxable","13":"purchasable","14":"product-type-variable"},"_links":{"self":[{"href":"https:\/\/yeezy.xianzhi.org\/index.php?rest_route=\/wp\/v2\/product\/22188","targetHints":{"allow":["GET"]}}],"collection":[{"href":"https:\/\/yeezy.xianzhi.org\/index.php?rest_route=\/wp\/v2\/product"}],"about":[{"href":"https:\/\/yeezy.xianzhi.org\/index.php?rest_route=\/wp\/v2\/types\/product"}],"wp:featuredmedia":[{"embeddable":true,"href":"https:\/\/yeezy.xianzhi.org\/index.php?rest_route=\/wp\/v2\/media\/22190"}],"wp:attachment":[{"href":"https:\/\/yeezy.xianzhi.org\/index.php?rest_route=%2Fwp%2Fv2%2Fmedia&parent=22188"}],"wp:term":[{"taxonomy":"product_brand","embeddable":true,"href":"https:\/\/yeezy.xianzhi.org\/index.php?rest_route=%2Fwp%2Fv2%2Fproduct_brand&post=22188"},{"taxonomy":"product_cat","embeddable":true,"href":"https:\/\/yeezy.xianzhi.org\/index.php?rest_route=%2Fwp%2Fv2%2Fproduct_cat&post=22188"},{"taxonomy":"product_tag","embeddable":true,"href":"https:\/\/yeezy.xianzhi.org\/index.php?rest_route=%2Fwp%2Fv2%2Fproduct_tag&post=22188"}],"curies":[{"name":"wp","href":"https:\/\/api.w.org\/{rel}","templated":true}]}}