{"id":22182,"date":"2025-07-15T00:51:47","date_gmt":"2025-07-14T16:51:47","guid":{"rendered":"https:\/\/yeezy.xianzhi.org\/?post_type=product&#038;p=22182"},"modified":"2025-07-15T01:33:11","modified_gmt":"2025-07-14T17:33:11","slug":"adidas-yeezy-boost-350-v2-carbon","status":"publish","type":"product","link":"https:\/\/yeezy.xianzhi.org\/?product=adidas-yeezy-boost-350-v2-carbon","title":{"rendered":"Adidas Yeezy Boost 350 V2 Carbon"},"content":{"rendered":"<p><strong><\/strong><meta charset=\"utf-8\"><b data-stringify-type=\"bold\" data-mce-fragment=\"1\"><\/b>Kanye West et Adidas continuent sur leur lanc\u00e9e avec une toute nouvelle version de son mod\u00e8le lanc\u00e9 en septembre 2016 : la .<\/p>\n<p>La <strong>Adidas Yeezy Boost 350 V2 Carbon <\/strong>se pare d&#8217;une base en <strong>PrimeKnit<\/strong> qui opte pour un m\u00e9lange de <strong>gris anthracite<\/strong> et <strong>gris souris<\/strong>. teinte in\u00e9dite et plus contrast\u00e9e que les versions  ou  \u00e0 titre de comparaison. Les codes habituels des pr\u00e9c\u00e9dents mod\u00e8les. comme la bande semi-translucide. des lacets ronds et une semelle <strong>Boost<\/strong>. ici pr\u00e9sent\u00e9e en couleur cr\u00e8me. finalisent le design.<\/p>\n<p>Avec ce coloris d\u00e9finitivement sobre et versatile. la gamme 350 s&#8217;\u00e9largit encore un peu plus. pour le grand bonheur des amateurs du mod\u00e8le !<\/p>\n<p><strong>SKU<\/strong> : FZ5000 <br \/><strong>Date de sortie<\/strong> : Septembre 2020<br \/><strong>Colorway<\/strong> : CARBON\/CARBON\/CARBON<\/p>\n","protected":false},"excerpt":{"rendered":"<p>Kanye West et Adidas continuent sur leur lanc\u00e9e avec un [&hellip;]<\/p>\n","protected":false},"featured_media":22184,"template":"","meta":[],"product_brand":[],"product_cat":[176,43],"product_tag":[],"class_list":{"0":"post-22182","1":"product","2":"type-product","3":"status-publish","4":"has-post-thumbnail","6":"product_cat-sneakers","7":"product_cat-yeezy-350-v2","9":"first","10":"instock","11":"sale","12":"shipping-taxable","13":"purchasable","14":"product-type-variable"},"_links":{"self":[{"href":"https:\/\/yeezy.xianzhi.org\/index.php?rest_route=\/wp\/v2\/product\/22182","targetHints":{"allow":["GET"]}}],"collection":[{"href":"https:\/\/yeezy.xianzhi.org\/index.php?rest_route=\/wp\/v2\/product"}],"about":[{"href":"https:\/\/yeezy.xianzhi.org\/index.php?rest_route=\/wp\/v2\/types\/product"}],"wp:featuredmedia":[{"embeddable":true,"href":"https:\/\/yeezy.xianzhi.org\/index.php?rest_route=\/wp\/v2\/media\/22184"}],"wp:attachment":[{"href":"https:\/\/yeezy.xianzhi.org\/index.php?rest_route=%2Fwp%2Fv2%2Fmedia&parent=22182"}],"wp:term":[{"taxonomy":"product_brand","embeddable":true,"href":"https:\/\/yeezy.xianzhi.org\/index.php?rest_route=%2Fwp%2Fv2%2Fproduct_brand&post=22182"},{"taxonomy":"product_cat","embeddable":true,"href":"https:\/\/yeezy.xianzhi.org\/index.php?rest_route=%2Fwp%2Fv2%2Fproduct_cat&post=22182"},{"taxonomy":"product_tag","embeddable":true,"href":"https:\/\/yeezy.xianzhi.org\/index.php?rest_route=%2Fwp%2Fv2%2Fproduct_tag&post=22182"}],"curies":[{"name":"wp","href":"https:\/\/api.w.org\/{rel}","templated":true}]}}