{"id":22158,"date":"2025-07-15T00:48:28","date_gmt":"2025-07-14T16:48:28","guid":{"rendered":"https:\/\/yeezy.xianzhi.org\/?post_type=product&#038;p=22158"},"modified":"2025-07-15T01:58:29","modified_gmt":"2025-07-14T17:58:29","slug":"adidas-yeezy-qntm-amber-tint","status":"publish","type":"product","link":"https:\/\/yeezy.xianzhi.org\/?product=adidas-yeezy-qntm-amber-tint","title":{"rendered":"Adidas Yeezy Qntm Amber Tint"},"content":{"rendered":"<p><meta charset=\"utf-8\"><\/p>\n<p data-mce-fragment=\"1\"><meta charset=\"utf-8\">La<span data-mce-fragment=\"1\"> <\/span><strong data-mce-fragment=\"1\">Adidas Yeezy QNTM Amber Tint<\/strong><span data-mce-fragment=\"1\"> pr\u00e9sente une<\/span> cage en<span data-mce-fragment=\"1\"> <\/span><strong data-mce-fragment=\"1\">Primeknit<\/strong><span data-mce-fragment=\"1\"> <\/span>surmont\u00e9e d&#8217;un chausson en n\u00e9opr\u00e8ne noir. Ce coloris. se rapprochant de la version . est compos\u00e9 d&#8217;une association de noir. marron et beige. avec une touche de jaune.<\/p>\n<p>Id\u00e9ale pour la saison hivernale. la silhouette  se d\u00e9cline dans des coloris de plus en plus vari\u00e9s. <\/p>\n<p><strong>SKU :<\/strong> GX1331<br \/><strong>Date de sortie :<\/strong> D\u00e9cembre 2021<br \/><strong>Colorway :<\/strong> AMBER TINT\/AMBER TINT\/AMBER TINT<\/p>\n","protected":false},"excerpt":{"rendered":"<p>La Adidas Yeezy QNTM Amber Tint pr\u00e9sente une cage en Pr [&hellip;]<\/p>\n","protected":false},"featured_media":22159,"template":"","meta":[],"product_brand":[],"product_cat":[176,73],"product_tag":[],"class_list":{"0":"post-22158","1":"product","2":"type-product","3":"status-publish","4":"has-post-thumbnail","6":"product_cat-sneakers","7":"product_cat-yeezy-qntm","9":"first","10":"instock","11":"sale","12":"shipping-taxable","13":"purchasable","14":"product-type-variable"},"_links":{"self":[{"href":"https:\/\/yeezy.xianzhi.org\/index.php?rest_route=\/wp\/v2\/product\/22158","targetHints":{"allow":["GET"]}}],"collection":[{"href":"https:\/\/yeezy.xianzhi.org\/index.php?rest_route=\/wp\/v2\/product"}],"about":[{"href":"https:\/\/yeezy.xianzhi.org\/index.php?rest_route=\/wp\/v2\/types\/product"}],"wp:featuredmedia":[{"embeddable":true,"href":"https:\/\/yeezy.xianzhi.org\/index.php?rest_route=\/wp\/v2\/media\/22159"}],"wp:attachment":[{"href":"https:\/\/yeezy.xianzhi.org\/index.php?rest_route=%2Fwp%2Fv2%2Fmedia&parent=22158"}],"wp:term":[{"taxonomy":"product_brand","embeddable":true,"href":"https:\/\/yeezy.xianzhi.org\/index.php?rest_route=%2Fwp%2Fv2%2Fproduct_brand&post=22158"},{"taxonomy":"product_cat","embeddable":true,"href":"https:\/\/yeezy.xianzhi.org\/index.php?rest_route=%2Fwp%2Fv2%2Fproduct_cat&post=22158"},{"taxonomy":"product_tag","embeddable":true,"href":"https:\/\/yeezy.xianzhi.org\/index.php?rest_route=%2Fwp%2Fv2%2Fproduct_tag&post=22158"}],"curies":[{"name":"wp","href":"https:\/\/api.w.org\/{rel}","templated":true}]}}