{"id":22146,"date":"2025-07-15T00:48:19","date_gmt":"2025-07-14T16:48:19","guid":{"rendered":"https:\/\/yeezy.xianzhi.org\/?post_type=product&#038;p=22146"},"modified":"2025-07-15T01:58:30","modified_gmt":"2025-07-14T17:58:30","slug":"adidas-yeezy-qntm-flash-orange","status":"publish","type":"product","link":"https:\/\/yeezy.xianzhi.org\/?product=adidas-yeezy-qntm-flash-orange","title":{"rendered":"Adidas Yeezy Qntm Flash Orange"},"content":{"rendered":"<p><strong><\/strong>Kanye West et Adidas pr\u00e9sentent le second coloris de la silhouette basketball venant se joindre au line-up de 2021.<\/p>\n<p>La <strong>Adidas Yeezy QNTM Flash Orange<\/strong> se pare de la construction habituelle avec une cage en <strong>Primeknit<\/strong> surmont\u00e9e d&#8217;un chausson en n\u00e9oprene noir. Sur ce coloris. la tige prend un aspect z\u00e9br\u00e9 compos\u00e9 d&#8217;un m\u00e9lange de <strong>gris<\/strong>. <strong>beige<\/strong> et <strong>orange<\/strong>. Accord\u00e9es au jeu de couleur terre utilis\u00e9 sur le upper. la toebox en su\u00e8de et la semelle <strong>Boost<\/strong> semi-translucide prennent une teinte beige clair.<\/p>\n<p>\u00c0 la mani\u00e8re des versions <span style=\"text-decoration: underline;\"><\/span> et <strong><\/strong>. cette nouvelle Yeezy QNTM apporte de la couleur \u00e0 la gamme. tout en restant un option relativement sobre adapt\u00e9e en toutes saisons.<strong><\/p>\n<p>SKU :<\/strong> GW5314<br \/><strong>Date de sortie :<\/strong> Mai 2021<br \/><strong>Colorway :<\/strong> FLASH ORANGE\/FLASH ORANGE-FLASH ORANGE<\/p>\n","protected":false},"excerpt":{"rendered":"<p>Kanye West et Adidas pr\u00e9sentent le second coloris de la [&hellip;]<\/p>\n","protected":false},"featured_media":22148,"template":"","meta":[],"product_brand":[],"product_cat":[176,73],"product_tag":[],"class_list":{"0":"post-22146","1":"product","2":"type-product","3":"status-publish","4":"has-post-thumbnail","6":"product_cat-sneakers","7":"product_cat-yeezy-qntm","9":"first","10":"instock","11":"sale","12":"shipping-taxable","13":"purchasable","14":"product-type-variable"},"_links":{"self":[{"href":"https:\/\/yeezy.xianzhi.org\/index.php?rest_route=\/wp\/v2\/product\/22146","targetHints":{"allow":["GET"]}}],"collection":[{"href":"https:\/\/yeezy.xianzhi.org\/index.php?rest_route=\/wp\/v2\/product"}],"about":[{"href":"https:\/\/yeezy.xianzhi.org\/index.php?rest_route=\/wp\/v2\/types\/product"}],"wp:featuredmedia":[{"embeddable":true,"href":"https:\/\/yeezy.xianzhi.org\/index.php?rest_route=\/wp\/v2\/media\/22148"}],"wp:attachment":[{"href":"https:\/\/yeezy.xianzhi.org\/index.php?rest_route=%2Fwp%2Fv2%2Fmedia&parent=22146"}],"wp:term":[{"taxonomy":"product_brand","embeddable":true,"href":"https:\/\/yeezy.xianzhi.org\/index.php?rest_route=%2Fwp%2Fv2%2Fproduct_brand&post=22146"},{"taxonomy":"product_cat","embeddable":true,"href":"https:\/\/yeezy.xianzhi.org\/index.php?rest_route=%2Fwp%2Fv2%2Fproduct_cat&post=22146"},{"taxonomy":"product_tag","embeddable":true,"href":"https:\/\/yeezy.xianzhi.org\/index.php?rest_route=%2Fwp%2Fv2%2Fproduct_tag&post=22146"}],"curies":[{"name":"wp","href":"https:\/\/api.w.org\/{rel}","templated":true}]}}