{"id":22134,"date":"2025-07-15T00:48:08","date_gmt":"2025-07-14T16:48:08","guid":{"rendered":"https:\/\/yeezy.xianzhi.org\/?post_type=product&#038;p=22134"},"modified":"2025-07-15T01:58:30","modified_gmt":"2025-07-14T17:58:30","slug":"adidas-yeezy-qntm-bsktbl","status":"publish","type":"product","link":"https:\/\/yeezy.xianzhi.org\/?product=adidas-yeezy-qntm-bsktbl","title":{"rendered":"Adidas Yeezy Qntm Bsktbl"},"content":{"rendered":"<p><b data-stringify-type=\"bold\" data-mce-fragment=\"1\"><\/b><span data-mce-fragment=\"1\">Fid\u00e8le \u00e0 sa r\u00e9putation de pionner dans l&#8217;univers de la <strong>mode<\/strong>. <strong>Kanye West<\/strong> d\u00e9voile son premier mod\u00e8le <strong>basketball<\/strong> alliant <strong>esth\u00e9tisme<\/strong> et <strong>performance<\/strong>.<\/span><\/p>\n<p class=\"_1zmv_\"><span data-mce-fragment=\"1\">La <\/span><strong>Adidas Yeezy QNTM BSKTBL<\/strong> pr\u00e9sente une base en <strong>PrimeKnit<\/strong> gris coupl\u00e9e d&#8217;une couche suppl\u00e9mentaire de <strong>TPU<\/strong>. Ax\u00e9e sur la performance. cette nouvelle silhouette reprend un rembourrage suppl\u00e9mentaire au niveau du col noir de la cheville. Une outsole <strong>cr\u00e8me<\/strong> vient s&#8217;ajouter \u00e0 l&#8217;ensemble.<\/p>\n<p class=\"_1zmv_\">\u00c9galement disponible dans une version . cette nouvelle \u00e9dition vient compl\u00e9ter l&#8217;\u00e9dition  pour le plus grand plaisir des fans !<\/p>\n<p><strong>SKU<\/strong> : FZ4362 <br \/><strong>Date de sortie<\/strong> : Mars 2020<br \/><strong>Colorway<\/strong> : QNTM\/QNTM\/QNTM<\/p>\n","protected":false},"excerpt":{"rendered":"<p>Fid\u00e8le \u00e0 sa r\u00e9putation de pionner dans l&#8217;univers  [&hellip;]<\/p>\n","protected":false},"featured_media":22136,"template":"","meta":[],"product_brand":[],"product_cat":[176,73],"product_tag":[],"class_list":{"0":"post-22134","1":"product","2":"type-product","3":"status-publish","4":"has-post-thumbnail","6":"product_cat-sneakers","7":"product_cat-yeezy-qntm","9":"first","10":"instock","11":"sale","12":"shipping-taxable","13":"purchasable","14":"product-type-variable"},"_links":{"self":[{"href":"https:\/\/yeezy.xianzhi.org\/index.php?rest_route=\/wp\/v2\/product\/22134","targetHints":{"allow":["GET"]}}],"collection":[{"href":"https:\/\/yeezy.xianzhi.org\/index.php?rest_route=\/wp\/v2\/product"}],"about":[{"href":"https:\/\/yeezy.xianzhi.org\/index.php?rest_route=\/wp\/v2\/types\/product"}],"wp:featuredmedia":[{"embeddable":true,"href":"https:\/\/yeezy.xianzhi.org\/index.php?rest_route=\/wp\/v2\/media\/22136"}],"wp:attachment":[{"href":"https:\/\/yeezy.xianzhi.org\/index.php?rest_route=%2Fwp%2Fv2%2Fmedia&parent=22134"}],"wp:term":[{"taxonomy":"product_brand","embeddable":true,"href":"https:\/\/yeezy.xianzhi.org\/index.php?rest_route=%2Fwp%2Fv2%2Fproduct_brand&post=22134"},{"taxonomy":"product_cat","embeddable":true,"href":"https:\/\/yeezy.xianzhi.org\/index.php?rest_route=%2Fwp%2Fv2%2Fproduct_cat&post=22134"},{"taxonomy":"product_tag","embeddable":true,"href":"https:\/\/yeezy.xianzhi.org\/index.php?rest_route=%2Fwp%2Fv2%2Fproduct_tag&post=22134"}],"curies":[{"name":"wp","href":"https:\/\/api.w.org\/{rel}","templated":true}]}}