{"id":22128,"date":"2025-07-15T00:48:03","date_gmt":"2025-07-14T16:48:03","guid":{"rendered":"https:\/\/yeezy.xianzhi.org\/?post_type=product&#038;p=22128"},"modified":"2025-07-15T01:58:30","modified_gmt":"2025-07-14T17:58:30","slug":"adidas-yeezy-qntm-bsktbl-frozen-blue","status":"publish","type":"product","link":"https:\/\/yeezy.xianzhi.org\/?product=adidas-yeezy-qntm-bsktbl-frozen-blue","title":{"rendered":"Adidas Yeezy Qntm Bsktbl Frozen Blue"},"content":{"rendered":"<p>La derni\u00e8re silhouette Yeezy signe son retour. Kanye West et la marque aux trois bandes d\u00e9clinent cette fois-ci la QNTM dans le coloris<span data-mce-fragment=\"1\"> <strong>Frozen<\/strong><\/span><strong data-mce-fragment=\"1\"> Blue<\/strong>. avec une version Basketball !<\/p>\n<p>La <strong>Adidas Yeezy QNTM BSKTBL Frozen Blue<\/strong> se pare d&#8217;une tige en <strong>PrimeKnit<\/strong> bleu agr\u00e9ment\u00e9e d&#8217;une couche suppl\u00e9mentaire de <strong>TPU<\/strong>. Ax\u00e9e sur la <strong>performance<\/strong>. la silhouette b-ball est \u00e9quip\u00e9e d&#8217;un rembourrage suppl\u00e9mentaire sur le col de la cheville. Le design a par ailleurs \u00e9t\u00e9 pens\u00e9 pour offrir un maintien du pied id\u00e9al pour un maximum de sensations.<\/p>\n<p>Imagin\u00e9e pour les parquets. cette silhouette b-ball accompagne la version  pour ce qui s&#8217;annonce comme l&#8217;une des derni\u00e8res sorties  de l&#8217;ann\u00e9e 2020 !<\/p>\n<p><strong>SKU<\/strong> : GX5049<br \/><strong>Date de sortie<\/strong> : D\u00e9cembre 2020<br \/><strong>Colorway<\/strong> : FROZEN BLUE\/FROZEN BLUE\/FROZEN BLUE<\/p>\n","protected":false},"excerpt":{"rendered":"<p>La derni\u00e8re silhouette Yeezy signe son retour. Kanye We [&hellip;]<\/p>\n","protected":false},"featured_media":22129,"template":"","meta":[],"product_brand":[],"product_cat":[176,73],"product_tag":[],"class_list":{"0":"post-22128","1":"product","2":"type-product","3":"status-publish","4":"has-post-thumbnail","6":"product_cat-sneakers","7":"product_cat-yeezy-qntm","9":"first","10":"instock","11":"sale","12":"shipping-taxable","13":"purchasable","14":"product-type-variable"},"_links":{"self":[{"href":"https:\/\/yeezy.xianzhi.org\/index.php?rest_route=\/wp\/v2\/product\/22128","targetHints":{"allow":["GET"]}}],"collection":[{"href":"https:\/\/yeezy.xianzhi.org\/index.php?rest_route=\/wp\/v2\/product"}],"about":[{"href":"https:\/\/yeezy.xianzhi.org\/index.php?rest_route=\/wp\/v2\/types\/product"}],"wp:featuredmedia":[{"embeddable":true,"href":"https:\/\/yeezy.xianzhi.org\/index.php?rest_route=\/wp\/v2\/media\/22129"}],"wp:attachment":[{"href":"https:\/\/yeezy.xianzhi.org\/index.php?rest_route=%2Fwp%2Fv2%2Fmedia&parent=22128"}],"wp:term":[{"taxonomy":"product_brand","embeddable":true,"href":"https:\/\/yeezy.xianzhi.org\/index.php?rest_route=%2Fwp%2Fv2%2Fproduct_brand&post=22128"},{"taxonomy":"product_cat","embeddable":true,"href":"https:\/\/yeezy.xianzhi.org\/index.php?rest_route=%2Fwp%2Fv2%2Fproduct_cat&post=22128"},{"taxonomy":"product_tag","embeddable":true,"href":"https:\/\/yeezy.xianzhi.org\/index.php?rest_route=%2Fwp%2Fv2%2Fproduct_tag&post=22128"}],"curies":[{"name":"wp","href":"https:\/\/api.w.org\/{rel}","templated":true}]}}