{"id":22117,"date":"2025-07-15T00:47:54","date_gmt":"2025-07-14T16:47:54","guid":{"rendered":"https:\/\/yeezy.xianzhi.org\/?post_type=product&#038;p=22117"},"modified":"2025-07-15T01:58:30","modified_gmt":"2025-07-14T17:58:30","slug":"adidas-yeezy-qntm-frozen-blue","status":"publish","type":"product","link":"https:\/\/yeezy.xianzhi.org\/?product=adidas-yeezy-qntm-frozen-blue","title":{"rendered":"Adidas Yeezy Qntm Frozen Blue"},"content":{"rendered":"<p><meta charset=\"utf-8\"><\/p>\n<p data-mce-fragment=\"1\">La derni\u00e8re silhouette Yeezy signe son retour. Kanye West et la marque aux trois bandes d\u00e9clinent cette fois-ci la QNTM dans le coloris<span data-mce-fragment=\"1\"> <strong>Frozen<\/strong><\/span><strong data-mce-fragment=\"1\"> Blue<\/strong>.<\/p>\n<p data-mce-fragment=\"1\">La<span data-mce-fragment=\"1\"> <\/span><strong data-mce-fragment=\"1\">Adidas Yeezy QNTM Frozen Blue<\/strong> est v\u00eatue d&#8217;une base en<span data-mce-fragment=\"1\"> <\/span><strong data-mce-fragment=\"1\">PrimeKnit<\/strong><span data-mce-fragment=\"1\"> aux diff\u00e9rentes teintes de bleu<\/span>. Comme sur les autres versions le talon est \u00e9quip\u00e9 d&#8217;un empi\u00e8cement diff\u00e9rent \u00e0 la fois gris et noir. cette partie vient contraster l&#8217;avant de la chaussure bleu. Pour finaliser le tout. une midsole blanche<span data-mce-fragment=\"1\"> <\/span><strong data-mce-fragment=\"1\">translucide<\/strong><span data-mce-fragment=\"1\"> suit la ligne futuriste du mod\u00e8le<\/span>.<\/p>\n<p data-mce-fragment=\"1\">Comme les autres QNTM. ce nouveau coloris joue sur un aspect avant-gardiste . tout en apportant une originale touche de couleur. un combo parfait pour la fin d&#8217;ann\u00e9e !<\/p>\n<p data-mce-fragment=\"1\"><strong data-mce-fragment=\"1\">SKU<\/strong><span data-mce-fragment=\"1\"> <\/span>: <meta charset=\"utf-8\"><span data-mce-fragment=\"1\">GZ8872<\/span><br data-mce-fragment=\"1\"><strong data-mce-fragment=\"1\">Date de sortie<\/strong><span data-mce-fragment=\"1\"> <\/span>: D\u00e9cembre 2020<br data-mce-fragment=\"1\"><strong data-mce-fragment=\"1\">Colorway<\/strong><span data-mce-fragment=\"1\"> <\/span>: FROZEN BLUE\/ <meta charset=\"utf-8\"><span data-mce-fragment=\"1\">FROZEN<\/span> BLUE\/ <meta charset=\"utf-8\"><span data-mce-fragment=\"1\">FROZEN<\/span> BLUE<\/p>\n","protected":false},"excerpt":{"rendered":"<p>La derni\u00e8re silhouette Yeezy signe son retour. Kanye We [&hellip;]<\/p>\n","protected":false},"featured_media":22123,"template":"","meta":[],"product_brand":[],"product_cat":[176,73],"product_tag":[],"class_list":{"0":"post-22117","1":"product","2":"type-product","3":"status-publish","4":"has-post-thumbnail","6":"product_cat-sneakers","7":"product_cat-yeezy-qntm","9":"first","10":"instock","11":"sale","12":"shipping-taxable","13":"purchasable","14":"product-type-variable"},"_links":{"self":[{"href":"https:\/\/yeezy.xianzhi.org\/index.php?rest_route=\/wp\/v2\/product\/22117","targetHints":{"allow":["GET"]}}],"collection":[{"href":"https:\/\/yeezy.xianzhi.org\/index.php?rest_route=\/wp\/v2\/product"}],"about":[{"href":"https:\/\/yeezy.xianzhi.org\/index.php?rest_route=\/wp\/v2\/types\/product"}],"wp:featuredmedia":[{"embeddable":true,"href":"https:\/\/yeezy.xianzhi.org\/index.php?rest_route=\/wp\/v2\/media\/22123"}],"wp:attachment":[{"href":"https:\/\/yeezy.xianzhi.org\/index.php?rest_route=%2Fwp%2Fv2%2Fmedia&parent=22117"}],"wp:term":[{"taxonomy":"product_brand","embeddable":true,"href":"https:\/\/yeezy.xianzhi.org\/index.php?rest_route=%2Fwp%2Fv2%2Fproduct_brand&post=22117"},{"taxonomy":"product_cat","embeddable":true,"href":"https:\/\/yeezy.xianzhi.org\/index.php?rest_route=%2Fwp%2Fv2%2Fproduct_cat&post=22117"},{"taxonomy":"product_tag","embeddable":true,"href":"https:\/\/yeezy.xianzhi.org\/index.php?rest_route=%2Fwp%2Fv2%2Fproduct_tag&post=22117"}],"curies":[{"name":"wp","href":"https:\/\/api.w.org\/{rel}","templated":true}]}}