{"id":22105,"date":"2025-07-15T00:47:42","date_gmt":"2025-07-14T16:47:42","guid":{"rendered":"https:\/\/yeezy.xianzhi.org\/?post_type=product&#038;p=22105"},"modified":"2025-07-15T01:58:30","modified_gmt":"2025-07-14T17:58:30","slug":"adidas-yeezy-qntm-lifestyle-model","status":"publish","type":"product","link":"https:\/\/yeezy.xianzhi.org\/?product=adidas-yeezy-qntm-lifestyle-model","title":{"rendered":"Adidas Yeezy Qntm Lifestyle Model"},"content":{"rendered":"<p><meta charset=\"utf-8\">D\u00e9j\u00e0 tr\u00e8s attendue apr\u00e8s avoir \u00e9t\u00e9 teas\u00e9e sur les r\u00e9seaux et sortie exclusivement aux \u00c9tat-Unis en 2019. cette nouvelle <strong>Yeezy QNTM<\/strong>. aux cot\u00e9s des versions  et . est un souffle nouveau pour la marque.<\/p>\n<p>La<strong> Adidas Yeezy QNTM (Lifestyle Model)<\/strong> adopte un design in\u00e9dit ! Ce mod\u00e8le aux lignes profil\u00e9es se pare d&#8217;une empeigne m\u00e9langeant mesh et su\u00e8de. Au niveau du coloris. la partie basse de la base n&#8217;est pas sans rappeler celle de la . Le tout est compl\u00e9t\u00e9 par un high top noir et un renfort au talon gris bicolore et r\u00e9flectif. Pour finaliser le tout. la silhouette est parachev\u00e9e par une semelle translucide.<\/p>\n<p>Avec son design avant-gardiste et audacieux. cette <strong>Yeezy QNTM (Lifestyle Model)<\/strong> \u00e9crit une nouvelle page dans l&#8217;histoire de la marque de Kanye West !<\/p>\n<p><strong>SKU :<\/strong> Q46473<br \/><strong>Date de sortie :<\/strong> Septembre 2020<br \/><strong>Colorway :<\/strong> QUANTUM\/QUANTUM<\/p>\n","protected":false},"excerpt":{"rendered":"<p>D\u00e9j\u00e0 tr\u00e8s attendue apr\u00e8s avoir \u00e9t\u00e9 teas\u00e9e sur les r\u00e9sea [&hellip;]<\/p>\n","protected":false},"featured_media":22111,"template":"","meta":[],"product_brand":[],"product_cat":[176,73],"product_tag":[],"class_list":{"0":"post-22105","1":"product","2":"type-product","3":"status-publish","4":"has-post-thumbnail","6":"product_cat-sneakers","7":"product_cat-yeezy-qntm","9":"first","10":"instock","11":"sale","12":"shipping-taxable","13":"purchasable","14":"product-type-variable"},"_links":{"self":[{"href":"https:\/\/yeezy.xianzhi.org\/index.php?rest_route=\/wp\/v2\/product\/22105","targetHints":{"allow":["GET"]}}],"collection":[{"href":"https:\/\/yeezy.xianzhi.org\/index.php?rest_route=\/wp\/v2\/product"}],"about":[{"href":"https:\/\/yeezy.xianzhi.org\/index.php?rest_route=\/wp\/v2\/types\/product"}],"wp:featuredmedia":[{"embeddable":true,"href":"https:\/\/yeezy.xianzhi.org\/index.php?rest_route=\/wp\/v2\/media\/22111"}],"wp:attachment":[{"href":"https:\/\/yeezy.xianzhi.org\/index.php?rest_route=%2Fwp%2Fv2%2Fmedia&parent=22105"}],"wp:term":[{"taxonomy":"product_brand","embeddable":true,"href":"https:\/\/yeezy.xianzhi.org\/index.php?rest_route=%2Fwp%2Fv2%2Fproduct_brand&post=22105"},{"taxonomy":"product_cat","embeddable":true,"href":"https:\/\/yeezy.xianzhi.org\/index.php?rest_route=%2Fwp%2Fv2%2Fproduct_cat&post=22105"},{"taxonomy":"product_tag","embeddable":true,"href":"https:\/\/yeezy.xianzhi.org\/index.php?rest_route=%2Fwp%2Fv2%2Fproduct_tag&post=22105"}],"curies":[{"name":"wp","href":"https:\/\/api.w.org\/{rel}","templated":true}]}}