{"id":22101,"date":"2025-07-15T00:42:20","date_gmt":"2025-07-14T16:42:20","guid":{"rendered":"https:\/\/yeezy.xianzhi.org\/?product=adidas-yeezy-slide-pure-restock-pair"},"modified":"2025-07-15T00:46:25","modified_gmt":"2025-07-14T16:46:25","slug":"adidas-yeezy-slide-pure-restock-pair","status":"publish","type":"product","link":"https:\/\/yeezy.xianzhi.org\/?product=adidas-yeezy-slide-pure-restock-pair","title":{"rendered":"Adidas Yeezy Slide Pure Restock Pair"},"content":{"rendered":"<p><b data-stringify-type=\"bold\" data-mce-fragment=\"1\"><\/b> continue de d\u00e9velopper son attrait pour les silhouettes <strong>avant-gardistes<\/strong>. \u00e0 l&#8217;image des \u00e9ditions  et . <\/p>\n<p>La <strong>Adidas Yeezy Slide Pure<\/strong> se pr\u00e9sente dans un design \u00e9pur\u00e9. marqu\u00e9 par l&#8217;absence de branding ou d&#8217;\u00e9l\u00e9ments distinctifs. Compos\u00e9e en mousse <strong>EVA<\/strong>. cette nouvelle  arbore une teinte de <strong>beige<\/strong> clair . La semelle ext\u00e9rieure est dentel\u00e9e. ce qui vient apporter un <strong>confort<\/strong> in\u00e9gal\u00e9.<\/p>\n<p><strong>Restock Pair<\/strong> : Cette nouvelle it\u00e9ration se d\u00e9marque de la  par sa <strong>texture granuleuse<\/strong> in\u00e9dite sp\u00e9cialement arbor\u00e9e \u00e0 l&#8217;occasion de la nouvelle collection SS22.\u00a0<\/p>\n<p>La marque aux trois bandes nous offre le plus beau des cadeaux avec le retour d&#8217;un des coloris les plus attractifs de Yeezy Slide !<\/p>\n<p><strong>SKU<\/strong> : <span class=\"chakra-text css-1dvbd97\"><\/span>GW1934<br \/><strong>Date de sortie<\/strong> : D\u00e9cembre 2021\/ Mai 2022<br \/><strong>Colorway<\/strong> : PURE\/PURE\/PURE<\/p>\n","protected":false},"excerpt":{"rendered":"<p>continue de d\u00e9velopper son attrait pour les silhouettes [&hellip;]<\/p>\n","protected":false},"featured_media":22100,"template":"","meta":[],"product_brand":[],"product_cat":[176,40],"product_tag":[],"class_list":{"0":"post-22101","1":"product","2":"type-product","3":"status-publish","4":"has-post-thumbnail","6":"product_cat-sneakers","7":"product_cat-yeezy-slide","9":"first","10":"instock","11":"sale","12":"shipping-taxable","13":"purchasable","14":"product-type-variable"},"_links":{"self":[{"href":"https:\/\/yeezy.xianzhi.org\/index.php?rest_route=\/wp\/v2\/product\/22101","targetHints":{"allow":["GET"]}}],"collection":[{"href":"https:\/\/yeezy.xianzhi.org\/index.php?rest_route=\/wp\/v2\/product"}],"about":[{"href":"https:\/\/yeezy.xianzhi.org\/index.php?rest_route=\/wp\/v2\/types\/product"}],"wp:featuredmedia":[{"embeddable":true,"href":"https:\/\/yeezy.xianzhi.org\/index.php?rest_route=\/wp\/v2\/media\/22100"}],"wp:attachment":[{"href":"https:\/\/yeezy.xianzhi.org\/index.php?rest_route=%2Fwp%2Fv2%2Fmedia&parent=22101"}],"wp:term":[{"taxonomy":"product_brand","embeddable":true,"href":"https:\/\/yeezy.xianzhi.org\/index.php?rest_route=%2Fwp%2Fv2%2Fproduct_brand&post=22101"},{"taxonomy":"product_cat","embeddable":true,"href":"https:\/\/yeezy.xianzhi.org\/index.php?rest_route=%2Fwp%2Fv2%2Fproduct_cat&post=22101"},{"taxonomy":"product_tag","embeddable":true,"href":"https:\/\/yeezy.xianzhi.org\/index.php?rest_route=%2Fwp%2Fv2%2Fproduct_tag&post=22101"}],"curies":[{"name":"wp","href":"https:\/\/api.w.org\/{rel}","templated":true}]}}