{"id":22085,"date":"2025-07-15T00:42:09","date_gmt":"2025-07-14T16:42:09","guid":{"rendered":"https:\/\/yeezy.xianzhi.org\/?post_type=product&#038;p=22085"},"modified":"2025-07-15T00:46:25","modified_gmt":"2025-07-14T16:46:25","slug":"adidas-yeezy-slide-soot","status":"publish","type":"product","link":"https:\/\/yeezy.xianzhi.org\/?product=adidas-yeezy-slide-soot","title":{"rendered":"Adidas Yeezy Slide Soot"},"content":{"rendered":"<p><meta charset=\"utf-8\"><b data-mce-fragment=\"1\" data-stringify-type=\"bold\"><\/b><span style=\"text-decoration: underline;\"><strong>Kanye West<\/strong><\/span> n&#8217;arr\u00eate jamais d&#8217;innover et d\u00e9cide de relancer une s\u00e9rie de  avec de nouveaux coloris monochromes.<\/p>\n<p>La <strong>Adidas Yeezy Slide Soot<\/strong> pr\u00e9sente une base unie v\u00eatue de <strong>marron fonc\u00e9<\/strong>. avec une ouverture sur la moiti\u00e9 de la paire. ainsi que sur l&#8217;avant. Ces sandales \u00e9quip\u00e9es de la technologie EVA assurent un <strong>confort<\/strong> parfait. La paire se termine sur une semelle dentel\u00e9e.<\/p>\n<p>Cette d\u00e9clinaison \u00e0 la teinte <strong>sombre<\/strong> arrive avec le timing parfait pour cette rentr\u00e9e !<\/p>\n<p><strong>NB<\/strong> : Ce mod\u00e8le<span data-mce-fragment=\"1\">\u00a0peut avoir un <strong>aspect granuleux<\/strong> d&#8217;une paire \u00e0 l&#8217;autre en fonction de la date de production inscrite sur votre boite.\u00a0<\/span><\/p>\n<p><strong>SKU<\/strong> : G55495\/<meta charset=\"utf-8\"><span data-mce-fragment=\"1\">GX6141<\/span><br \/><strong>Date de sortie<\/strong> : Septembre 2020\/Septembre 2021<br \/><strong>Colorway<\/strong> : SOOT\/SOOT\/SOOT<\/p>\n","protected":false},"excerpt":{"rendered":"<p>Kanye West n&#8217;arr\u00eate jamais d&#8217;innover et d\u00e9c [&hellip;]<\/p>\n","protected":false},"featured_media":22091,"template":"","meta":[],"product_brand":[],"product_cat":[176,40],"product_tag":[],"class_list":{"0":"post-22085","1":"product","2":"type-product","3":"status-publish","4":"has-post-thumbnail","6":"product_cat-sneakers","7":"product_cat-yeezy-slide","9":"first","10":"instock","11":"sale","12":"shipping-taxable","13":"purchasable","14":"product-type-variable"},"_links":{"self":[{"href":"https:\/\/yeezy.xianzhi.org\/index.php?rest_route=\/wp\/v2\/product\/22085","targetHints":{"allow":["GET"]}}],"collection":[{"href":"https:\/\/yeezy.xianzhi.org\/index.php?rest_route=\/wp\/v2\/product"}],"about":[{"href":"https:\/\/yeezy.xianzhi.org\/index.php?rest_route=\/wp\/v2\/types\/product"}],"wp:featuredmedia":[{"embeddable":true,"href":"https:\/\/yeezy.xianzhi.org\/index.php?rest_route=\/wp\/v2\/media\/22091"}],"wp:attachment":[{"href":"https:\/\/yeezy.xianzhi.org\/index.php?rest_route=%2Fwp%2Fv2%2Fmedia&parent=22085"}],"wp:term":[{"taxonomy":"product_brand","embeddable":true,"href":"https:\/\/yeezy.xianzhi.org\/index.php?rest_route=%2Fwp%2Fv2%2Fproduct_brand&post=22085"},{"taxonomy":"product_cat","embeddable":true,"href":"https:\/\/yeezy.xianzhi.org\/index.php?rest_route=%2Fwp%2Fv2%2Fproduct_cat&post=22085"},{"taxonomy":"product_tag","embeddable":true,"href":"https:\/\/yeezy.xianzhi.org\/index.php?rest_route=%2Fwp%2Fv2%2Fproduct_tag&post=22085"}],"curies":[{"name":"wp","href":"https:\/\/api.w.org\/{rel}","templated":true}]}}