{"id":22084,"date":"2025-07-15T00:42:09","date_gmt":"2025-07-14T16:42:09","guid":{"rendered":"https:\/\/yeezy.xianzhi.org\/?post_type=product&#038;p=22084"},"modified":"2025-07-15T00:46:25","modified_gmt":"2025-07-14T16:46:25","slug":"adidas-yeezy-slide-enflame-orange","status":"publish","type":"product","link":"https:\/\/yeezy.xianzhi.org\/?product=adidas-yeezy-slide-enflame-orange","title":{"rendered":"Adidas Yeezy Slide Enflame Orange"},"content":{"rendered":"<p>L&#8217;innovation est un concept qui ne fait pas peur \u00e0<span> <\/span><strong>Kanye West<\/strong>. et il le d\u00e9montre encore une fois avec l&#8217;arriv\u00e9e d&#8217;une nouvelle .<\/p>\n<p>La<span> <\/span><strong>Adidas Yeezy Slide Enflame Orange<\/strong><span> a<\/span> une base unie v\u00eatue <strong>d&#8217;orange<\/strong>. avec une ouverture sur la moiti\u00e9 de la paire. ainsi que sur l&#8217;avant. \u00e0 l&#8217;instar des sandales facile \u00e0 enfiler et proposant un confort sans pr\u00e9c\u00e9dent. On note une <strong>mousse<\/strong> <strong>EVA<\/strong> et une semelle <strong>dentel\u00e9e<\/strong>. apportant la touche finale de ce design.<\/p>\n<p>Avec cette Yeezy Slide au design<span> <\/span><strong>minimaliste<\/strong>. Yeezy \u00e9toffe sa gamme. permettant d&#8217;adapter son style en toute saison.<\/p>\n<p><strong data-mce-fragment=\"1\">SKU : <\/strong>GZ0953<br data-mce-fragment=\"1\"><strong data-mce-fragment=\"1\">Date de sortie :<\/strong><span data-mce-fragment=\"1\"> Juin 2021<\/span><br data-mce-fragment=\"1\"><strong data-mce-fragment=\"1\">Colorway :<\/strong><span data-mce-fragment=\"1\"> ORANGE\/ORANGE<\/span><\/p>\n","protected":false},"excerpt":{"rendered":"<p>L&#8217;innovation est un concept qui ne fait pas peur  [&hellip;]<\/p>\n","protected":false},"featured_media":22087,"template":"","meta":[],"product_brand":[],"product_cat":[176,40],"product_tag":[],"class_list":{"0":"post-22084","1":"product","2":"type-product","3":"status-publish","4":"has-post-thumbnail","6":"product_cat-sneakers","7":"product_cat-yeezy-slide","9":"first","10":"instock","11":"sale","12":"shipping-taxable","13":"purchasable","14":"product-type-variable"},"_links":{"self":[{"href":"https:\/\/yeezy.xianzhi.org\/index.php?rest_route=\/wp\/v2\/product\/22084","targetHints":{"allow":["GET"]}}],"collection":[{"href":"https:\/\/yeezy.xianzhi.org\/index.php?rest_route=\/wp\/v2\/product"}],"about":[{"href":"https:\/\/yeezy.xianzhi.org\/index.php?rest_route=\/wp\/v2\/types\/product"}],"wp:featuredmedia":[{"embeddable":true,"href":"https:\/\/yeezy.xianzhi.org\/index.php?rest_route=\/wp\/v2\/media\/22087"}],"wp:attachment":[{"href":"https:\/\/yeezy.xianzhi.org\/index.php?rest_route=%2Fwp%2Fv2%2Fmedia&parent=22084"}],"wp:term":[{"taxonomy":"product_brand","embeddable":true,"href":"https:\/\/yeezy.xianzhi.org\/index.php?rest_route=%2Fwp%2Fv2%2Fproduct_brand&post=22084"},{"taxonomy":"product_cat","embeddable":true,"href":"https:\/\/yeezy.xianzhi.org\/index.php?rest_route=%2Fwp%2Fv2%2Fproduct_cat&post=22084"},{"taxonomy":"product_tag","embeddable":true,"href":"https:\/\/yeezy.xianzhi.org\/index.php?rest_route=%2Fwp%2Fv2%2Fproduct_tag&post=22084"}],"curies":[{"name":"wp","href":"https:\/\/api.w.org\/{rel}","templated":true}]}}