{"id":22076,"date":"2025-07-15T00:42:01","date_gmt":"2025-07-14T16:42:01","guid":{"rendered":"https:\/\/yeezy.xianzhi.org\/?post_type=product&#038;p=22076"},"modified":"2025-07-15T00:46:25","modified_gmt":"2025-07-14T16:46:25","slug":"adidas-yeezy-slide-ochre","status":"publish","type":"product","link":"https:\/\/yeezy.xianzhi.org\/?product=adidas-yeezy-slide-ochre","title":{"rendered":"Adidas Yeezy Slide Ochre"},"content":{"rendered":"<p><strong>Adidas<\/strong> et <strong><\/strong> nous pr\u00e9sentent une nouvelle it\u00e9ration sombre et \u00e9l\u00e9gante de son design minimaliste \u00e0 succ\u00e8s !<\/p>\n<p>La <strong>Yeezy Slide Ochre<\/strong>\u00a0d\u00e9voile une structure \u00e9pur\u00e9e en <strong>EVA<\/strong>\u00a0moul\u00e9. Elle affiche une teinte\u00a0<strong>jaune<\/strong> <strong>ocre<\/strong>\u00a0et une texture marbr\u00e9e qui nous rappelle la . Son branding discret aux trois bandes ainsi qu&#8217;une semelle dentel\u00e9e viennent peaufiner la silhouette.<\/p>\n<p>Cette version in\u00e9dite de la  sera parfaite pour allier confort et style tout au long de la saison.<\/p>\n<p><strong>SKU<\/strong> : GW1931<br \/><strong>Date de sortie<\/strong> : D\u00e9cembre 2021<br \/><strong>Colorway<\/strong> : OCHRE\/OCHRE\/OCHRE<\/p>\n","protected":false},"excerpt":{"rendered":"<p>Adidas et nous pr\u00e9sentent une nouvelle it\u00e9ration sombre [&hellip;]<\/p>\n","protected":false},"featured_media":22081,"template":"","meta":[],"product_brand":[],"product_cat":[176,40],"product_tag":[],"class_list":{"0":"post-22076","1":"product","2":"type-product","3":"status-publish","4":"has-post-thumbnail","6":"product_cat-sneakers","7":"product_cat-yeezy-slide","9":"first","10":"instock","11":"sale","12":"shipping-taxable","13":"purchasable","14":"product-type-variable"},"_links":{"self":[{"href":"https:\/\/yeezy.xianzhi.org\/index.php?rest_route=\/wp\/v2\/product\/22076","targetHints":{"allow":["GET"]}}],"collection":[{"href":"https:\/\/yeezy.xianzhi.org\/index.php?rest_route=\/wp\/v2\/product"}],"about":[{"href":"https:\/\/yeezy.xianzhi.org\/index.php?rest_route=\/wp\/v2\/types\/product"}],"wp:featuredmedia":[{"embeddable":true,"href":"https:\/\/yeezy.xianzhi.org\/index.php?rest_route=\/wp\/v2\/media\/22081"}],"wp:attachment":[{"href":"https:\/\/yeezy.xianzhi.org\/index.php?rest_route=%2Fwp%2Fv2%2Fmedia&parent=22076"}],"wp:term":[{"taxonomy":"product_brand","embeddable":true,"href":"https:\/\/yeezy.xianzhi.org\/index.php?rest_route=%2Fwp%2Fv2%2Fproduct_brand&post=22076"},{"taxonomy":"product_cat","embeddable":true,"href":"https:\/\/yeezy.xianzhi.org\/index.php?rest_route=%2Fwp%2Fv2%2Fproduct_cat&post=22076"},{"taxonomy":"product_tag","embeddable":true,"href":"https:\/\/yeezy.xianzhi.org\/index.php?rest_route=%2Fwp%2Fv2%2Fproduct_tag&post=22076"}],"curies":[{"name":"wp","href":"https:\/\/api.w.org\/{rel}","templated":true}]}}