{"id":22063,"date":"2025-07-15T00:41:48","date_gmt":"2025-07-14T16:41:48","guid":{"rendered":"https:\/\/yeezy.xianzhi.org\/?post_type=product&#038;p=22063"},"modified":"2025-07-15T00:46:25","modified_gmt":"2025-07-14T16:46:25","slug":"adidas-yeezy-slide-core","status":"publish","type":"product","link":"https:\/\/yeezy.xianzhi.org\/?product=adidas-yeezy-slide-core","title":{"rendered":"Adidas Yeezy Slide Core"},"content":{"rendered":"<div>\n<p>Apr\u00e8s l&#8217;\u00e9norme succ\u00e8s des premi\u00e8res versions de la<span>\u00a0<\/span>. Kanye West relance une nouvelle s\u00e9rie avec des coloris monochromes comme \u00e0 son habitude.<\/p>\n<p>La<span>\u00a0<\/span><strong>Yeezy Slide Core<\/strong><span>\u00a0<\/span>est compos\u00e9e d&#8217;une base<span>\u00a0<\/span><strong>marron clair<\/strong>\u00a0avec une ouverture sur la moiti\u00e9 de la paire. ainsi que sur l&#8217;avant. Ces sandales faciles \u00e0 enfiler propose un<span>\u00a0<\/span><strong>confort<\/strong><span>\u00a0<\/span>de r\u00eave grace \u00e0 la mousse EVA. La semelle dentel\u00e9e vient finir ce nouveau coloris.<\/p>\n<p>Ce coloris plus<span>\u00a0<\/span><strong>sombre<\/strong><span>\u00a0<\/span>arrivant en fin d&#8217;\u00e9t\u00e9 devrait r\u00e9jouir le public de la communaut\u00e9 des Sneakers!<\/p>\n<p><strong>Date de sortie<\/strong><span>\u00a0<\/span>: Septembre 2020<br \/><strong>Colorway<\/strong><span>\u00a0<\/span>: CORE\/CORE\/CORE<\/p>\n<\/div>\n","protected":false},"excerpt":{"rendered":"<p>Apr\u00e8s l&#8217;\u00e9norme succ\u00e8s des premi\u00e8res versions de l [&hellip;]<\/p>\n","protected":false},"featured_media":22071,"template":"","meta":[],"product_brand":[],"product_cat":[176,40],"product_tag":[],"class_list":{"0":"post-22063","1":"product","2":"type-product","3":"status-publish","4":"has-post-thumbnail","6":"product_cat-sneakers","7":"product_cat-yeezy-slide","9":"first","10":"instock","11":"sale","12":"shipping-taxable","13":"purchasable","14":"product-type-variable"},"_links":{"self":[{"href":"https:\/\/yeezy.xianzhi.org\/index.php?rest_route=\/wp\/v2\/product\/22063","targetHints":{"allow":["GET"]}}],"collection":[{"href":"https:\/\/yeezy.xianzhi.org\/index.php?rest_route=\/wp\/v2\/product"}],"about":[{"href":"https:\/\/yeezy.xianzhi.org\/index.php?rest_route=\/wp\/v2\/types\/product"}],"wp:featuredmedia":[{"embeddable":true,"href":"https:\/\/yeezy.xianzhi.org\/index.php?rest_route=\/wp\/v2\/media\/22071"}],"wp:attachment":[{"href":"https:\/\/yeezy.xianzhi.org\/index.php?rest_route=%2Fwp%2Fv2%2Fmedia&parent=22063"}],"wp:term":[{"taxonomy":"product_brand","embeddable":true,"href":"https:\/\/yeezy.xianzhi.org\/index.php?rest_route=%2Fwp%2Fv2%2Fproduct_brand&post=22063"},{"taxonomy":"product_cat","embeddable":true,"href":"https:\/\/yeezy.xianzhi.org\/index.php?rest_route=%2Fwp%2Fv2%2Fproduct_cat&post=22063"},{"taxonomy":"product_tag","embeddable":true,"href":"https:\/\/yeezy.xianzhi.org\/index.php?rest_route=%2Fwp%2Fv2%2Fproduct_tag&post=22063"}],"curies":[{"name":"wp","href":"https:\/\/api.w.org\/{rel}","templated":true}]}}