{"id":22062,"date":"2025-07-15T00:41:48","date_gmt":"2025-07-14T16:41:48","guid":{"rendered":"https:\/\/yeezy.xianzhi.org\/?post_type=product&#038;p=22062"},"modified":"2025-07-15T00:46:26","modified_gmt":"2025-07-14T16:46:26","slug":"adidas-yeezy-slide-bone","status":"publish","type":"product","link":"https:\/\/yeezy.xianzhi.org\/?product=adidas-yeezy-slide-bone","title":{"rendered":"Adidas Yeezy Slide Bone"},"content":{"rendered":"<p><meta charset=\"utf-8\"><strong>Kanye West<\/strong> revient avec une cr\u00e9ation pour le peu originale et d\u00e9montre une nouvelle fois son fort attrait avant-gardiste. L&#8217;artiste am\u00e9ricain. imagine avec  une paire minimaliste aux allures de sandales : la <strong>Yeezy Slide Bone<\/strong>.<\/p>\n<p>La <strong>Adidas Yeezy Slide Bone<\/strong> adopte un style des plus simples. sans la pr\u00e9sence de branding. textures. coutures et inscriptions particuli\u00e8res. On remarque un design global de couleur beige. compos\u00e9 de mousse EVA. La semelle ext\u00e9rieure est dentel\u00e9e et apporte ainsi un confort sans pr\u00e9c\u00e9dent.<\/p>\n<p>Avec cette it\u00e9ration pour le moins atypique tomb\u00e9e \u00e0 pic pour l&#8217;arriv\u00e9e de la saison estivale. M. West \u00e9tend la gamme <strong>Yeezy<\/strong> et ajoute une touche de simplicit\u00e9\u2026<\/p>\n<p><strong>SKU<\/strong> : FW6345 <br \/><strong>Date de sortie<\/strong> : Avril 2020 <br \/><strong>Colorway<\/strong> : <span>BONE\/BONE\/BONE<\/span><\/p>\n","protected":false},"excerpt":{"rendered":"<p>Kanye West revient avec une cr\u00e9ation pour le peu origin [&hellip;]<\/p>\n","protected":false},"featured_media":22068,"template":"","meta":[],"product_brand":[],"product_cat":[176,40],"product_tag":[],"class_list":{"0":"post-22062","1":"product","2":"type-product","3":"status-publish","4":"has-post-thumbnail","6":"product_cat-sneakers","7":"product_cat-yeezy-slide","9":"first","10":"instock","11":"sale","12":"shipping-taxable","13":"purchasable","14":"product-type-variable"},"_links":{"self":[{"href":"https:\/\/yeezy.xianzhi.org\/index.php?rest_route=\/wp\/v2\/product\/22062","targetHints":{"allow":["GET"]}}],"collection":[{"href":"https:\/\/yeezy.xianzhi.org\/index.php?rest_route=\/wp\/v2\/product"}],"about":[{"href":"https:\/\/yeezy.xianzhi.org\/index.php?rest_route=\/wp\/v2\/types\/product"}],"wp:featuredmedia":[{"embeddable":true,"href":"https:\/\/yeezy.xianzhi.org\/index.php?rest_route=\/wp\/v2\/media\/22068"}],"wp:attachment":[{"href":"https:\/\/yeezy.xianzhi.org\/index.php?rest_route=%2Fwp%2Fv2%2Fmedia&parent=22062"}],"wp:term":[{"taxonomy":"product_brand","embeddable":true,"href":"https:\/\/yeezy.xianzhi.org\/index.php?rest_route=%2Fwp%2Fv2%2Fproduct_brand&post=22062"},{"taxonomy":"product_cat","embeddable":true,"href":"https:\/\/yeezy.xianzhi.org\/index.php?rest_route=%2Fwp%2Fv2%2Fproduct_cat&post=22062"},{"taxonomy":"product_tag","embeddable":true,"href":"https:\/\/yeezy.xianzhi.org\/index.php?rest_route=%2Fwp%2Fv2%2Fproduct_tag&post=22062"}],"curies":[{"name":"wp","href":"https:\/\/api.w.org\/{rel}","templated":true}]}}