{"id":22061,"date":"2025-07-15T00:41:48","date_gmt":"2025-07-14T16:41:48","guid":{"rendered":"https:\/\/yeezy.xianzhi.org\/?post_type=product&#038;p=22061"},"modified":"2025-07-15T00:46:26","modified_gmt":"2025-07-14T16:46:26","slug":"adidas-yeezy-slide-earth-brown","status":"publish","type":"product","link":"https:\/\/yeezy.xianzhi.org\/?product=adidas-yeezy-slide-earth-brown","title":{"rendered":"Adidas Yeezy Slide Earth Brown"},"content":{"rendered":"<p><strong>Kanye West<\/strong> et <strong>Adidas<\/strong> imposent un style rempli d&#8217;originalit\u00e9 et adaptent leurs cr\u00e9ations pour les jours d&#8217;\u00e9t\u00e9 avec la . Plusieurs coloris sont disponibles. dont le Earth Brown. optant pour une teinte neutre tirant vers le taupe.<\/p>\n<p>La <strong>Adidas Yeezy Slide Earth Brown<\/strong> s&#8217;habille d&#8217;un style monochrome marron dans une construction en mousse EVA pour un confort maximal et pr\u00e9sente une simple ouverture qui rend la paire tr\u00e8s pratique \u00e0 enfiler. Pour habiller le tout. une semelle dentel\u00e9e vient finaliser le design.<\/p>\n<p>Avec cette Yeezy Slide au design <strong>minimaliste<\/strong>. Yeezy \u00e9toffe sa gamme. permettant d&#8217;adapter son style en toute saison.<\/p>\n<p><strong>SKU<\/strong> : FV8425 <br \/><strong>Date de sortie<\/strong> : Avril 2020 <br \/><strong>Colorway<\/strong> : EARTH BROWN\/EARTH BROWN\/EARTH BROWN<\/p>\n","protected":false},"excerpt":{"rendered":"<p>Kanye West et Adidas imposent un style rempli d&#8217;o [&hellip;]<\/p>\n","protected":false},"featured_media":22065,"template":"","meta":[],"product_brand":[],"product_cat":[176,40],"product_tag":[],"class_list":{"0":"post-22061","1":"product","2":"type-product","3":"status-publish","4":"has-post-thumbnail","6":"product_cat-sneakers","7":"product_cat-yeezy-slide","9":"first","10":"instock","11":"sale","12":"shipping-taxable","13":"purchasable","14":"product-type-variable"},"_links":{"self":[{"href":"https:\/\/yeezy.xianzhi.org\/index.php?rest_route=\/wp\/v2\/product\/22061","targetHints":{"allow":["GET"]}}],"collection":[{"href":"https:\/\/yeezy.xianzhi.org\/index.php?rest_route=\/wp\/v2\/product"}],"about":[{"href":"https:\/\/yeezy.xianzhi.org\/index.php?rest_route=\/wp\/v2\/types\/product"}],"wp:featuredmedia":[{"embeddable":true,"href":"https:\/\/yeezy.xianzhi.org\/index.php?rest_route=\/wp\/v2\/media\/22065"}],"wp:attachment":[{"href":"https:\/\/yeezy.xianzhi.org\/index.php?rest_route=%2Fwp%2Fv2%2Fmedia&parent=22061"}],"wp:term":[{"taxonomy":"product_brand","embeddable":true,"href":"https:\/\/yeezy.xianzhi.org\/index.php?rest_route=%2Fwp%2Fv2%2Fproduct_brand&post=22061"},{"taxonomy":"product_cat","embeddable":true,"href":"https:\/\/yeezy.xianzhi.org\/index.php?rest_route=%2Fwp%2Fv2%2Fproduct_cat&post=22061"},{"taxonomy":"product_tag","embeddable":true,"href":"https:\/\/yeezy.xianzhi.org\/index.php?rest_route=%2Fwp%2Fv2%2Fproduct_tag&post=22061"}],"curies":[{"name":"wp","href":"https:\/\/api.w.org\/{rel}","templated":true}]}}