{"id":22059,"date":"2025-07-15T00:41:42","date_gmt":"2025-07-14T16:41:42","guid":{"rendered":"https:\/\/yeezy.xianzhi.org\/?product=adidas-yeezy-slide-onyx"},"modified":"2025-07-15T00:46:26","modified_gmt":"2025-07-14T16:46:26","slug":"adidas-yeezy-slide-onyx","status":"publish","type":"product","link":"https:\/\/yeezy.xianzhi.org\/?product=adidas-yeezy-slide-onyx","title":{"rendered":"Adidas Yeezy Slide Onyx"},"content":{"rendered":"<p>Apr\u00e8s la r\u00e9cente \u00e9dition . Kanye West et Adidas profitent de l&#8217;effervescence suscit\u00e9e par la sortie de Donda 2 pour d\u00e9voiler une nouvelle version de leur populaire  !<\/p>\n<p>La <strong>Adidas Yeezy Slide Onyx<\/strong> se pare d&#8217;une base en mousse EVA monochrome noir reprenant le design habituel des <strong>Slide<\/strong>. On retrouve la midsole l\u00e9g\u00e8rement dentel\u00e9e ainsi que le branding <strong>Adidas<\/strong> \u00e0 l&#8217;int\u00e9rieur.<\/p>\n<p>Une sortie de plus pour le duo. avec un coloris des plus sobres et discrets !<\/p>\n<p><strong>SKU<\/strong> : HQ6448 <br \/><strong>Date de sortie<\/strong> : Mars 2022<br \/><strong>Colorway<\/strong> : ONYX\/ONYX\/ONYX<\/p>\n","protected":false},"excerpt":{"rendered":"<p>Apr\u00e8s la r\u00e9cente \u00e9dition . Kanye West et Adidas profite [&hellip;]<\/p>\n","protected":false},"featured_media":22058,"template":"","meta":[],"product_brand":[],"product_cat":[176,40],"product_tag":[],"class_list":{"0":"post-22059","1":"product","2":"type-product","3":"status-publish","4":"has-post-thumbnail","6":"product_cat-sneakers","7":"product_cat-yeezy-slide","9":"first","10":"instock","11":"sale","12":"shipping-taxable","13":"purchasable","14":"product-type-variable"},"_links":{"self":[{"href":"https:\/\/yeezy.xianzhi.org\/index.php?rest_route=\/wp\/v2\/product\/22059","targetHints":{"allow":["GET"]}}],"collection":[{"href":"https:\/\/yeezy.xianzhi.org\/index.php?rest_route=\/wp\/v2\/product"}],"about":[{"href":"https:\/\/yeezy.xianzhi.org\/index.php?rest_route=\/wp\/v2\/types\/product"}],"wp:featuredmedia":[{"embeddable":true,"href":"https:\/\/yeezy.xianzhi.org\/index.php?rest_route=\/wp\/v2\/media\/22058"}],"wp:attachment":[{"href":"https:\/\/yeezy.xianzhi.org\/index.php?rest_route=%2Fwp%2Fv2%2Fmedia&parent=22059"}],"wp:term":[{"taxonomy":"product_brand","embeddable":true,"href":"https:\/\/yeezy.xianzhi.org\/index.php?rest_route=%2Fwp%2Fv2%2Fproduct_brand&post=22059"},{"taxonomy":"product_cat","embeddable":true,"href":"https:\/\/yeezy.xianzhi.org\/index.php?rest_route=%2Fwp%2Fv2%2Fproduct_cat&post=22059"},{"taxonomy":"product_tag","embeddable":true,"href":"https:\/\/yeezy.xianzhi.org\/index.php?rest_route=%2Fwp%2Fv2%2Fproduct_tag&post=22059"}],"curies":[{"name":"wp","href":"https:\/\/api.w.org\/{rel}","templated":true}]}}