{"id":22051,"date":"2025-07-15T00:41:35","date_gmt":"2025-07-14T16:41:35","guid":{"rendered":"https:\/\/yeezy.xianzhi.org\/?post_type=product&#038;p=22051"},"modified":"2025-07-15T00:46:26","modified_gmt":"2025-07-14T16:46:26","slug":"adidas-yeezy-slide-resin-restock-pair","status":"publish","type":"product","link":"https:\/\/yeezy.xianzhi.org\/?product=adidas-yeezy-slide-resin-restock-pair","title":{"rendered":"Adidas Yeezy Slide Resin Restock Pair"},"content":{"rendered":"<p><meta charset=\"utf-8\"><\/p>\n<p data-mce-fragment=\"1\">L&#8217;innovation est un concept qui ne fait plus peur \u00e0<span data-mce-fragment=\"1\">\u00a0<\/span><strong data-mce-fragment=\"1\">Kanye West<\/strong>. et il le d\u00e9montre encore une fois avec l&#8217;arriv\u00e9e d&#8217;une silhouette encore jamais vue : la<span data-mce-fragment=\"1\">\u00a0<\/span><strong data-mce-fragment=\"1\">Yeezy Slide<\/strong>. \u00c9galement sortie dans le coloris<span data-mce-fragment=\"1\">\u00a0<\/span><strong data-mce-fragment=\"1\">Bone<\/strong><span data-mce-fragment=\"1\">\u00a0<\/span>et<span data-mce-fragment=\"1\">\u00a0<\/span><strong data-mce-fragment=\"1\">Desert Sand<\/strong>. on d\u00e9couvre la version<span data-mce-fragment=\"1\">\u00a0<\/span><strong data-mce-fragment=\"1\">Resin<\/strong><span data-mce-fragment=\"1\">\u00a0<\/span>!<\/p>\n<p data-mce-fragment=\"1\">La<span data-mce-fragment=\"1\">\u00a0<\/span><strong data-mce-fragment=\"1\">Adidas Yeezy Slide Resin<\/strong><span data-mce-fragment=\"1\">\u00a0<\/span>pr\u00e9sente une base unie v\u00eatue de vert. avec une ouverture sur la moiti\u00e9 de la paire. ainsi que sur l&#8217;avant. \u00e0 l&#8217;instar des sandales facile \u00e0 enfiler et proposant un confort sans pr\u00e9c\u00e9dent. On note une mousse EVA et une semelle dentel\u00e9e. apportant la touche finale de ce design.<\/p>\n<p data-mce-fragment=\"1\">Cette d\u00e9clinaison os\u00e9e mais affirm\u00e9e devrait r\u00e9jouir le public de la communaut\u00e9 sneakers. avant l&#8217;\u00e9t\u00e9 !<\/p>\n<p data-mce-fragment=\"1\"><strong data-mce-fragment=\"1\">SKU<\/strong><span data-mce-fragment=\"1\">\u00a0<\/span>: FZ5904<br data-mce-fragment=\"1\"><strong data-mce-fragment=\"1\">Date de sortie<\/strong><span data-mce-fragment=\"1\">\u00a0<\/span>:\u00a0Septembre 2022<br data-mce-fragment=\"1\"><strong data-mce-fragment=\"1\">Colorway<\/strong><span data-mce-fragment=\"1\">\u00a0<\/span>: RESIN<span data-mce-fragment=\"1\">\/RESIN\/RESIN<\/span><\/p>\n","protected":false},"excerpt":{"rendered":"<p>L&#8217;innovation est un concept qui ne fait plus peur [&hellip;]<\/p>\n","protected":false},"featured_media":22055,"template":"","meta":[],"product_brand":[],"product_cat":[176,40],"product_tag":[],"class_list":{"0":"post-22051","1":"product","2":"type-product","3":"status-publish","4":"has-post-thumbnail","6":"product_cat-sneakers","7":"product_cat-yeezy-slide","9":"first","10":"instock","11":"sale","12":"shipping-taxable","13":"purchasable","14":"product-type-variable"},"_links":{"self":[{"href":"https:\/\/yeezy.xianzhi.org\/index.php?rest_route=\/wp\/v2\/product\/22051","targetHints":{"allow":["GET"]}}],"collection":[{"href":"https:\/\/yeezy.xianzhi.org\/index.php?rest_route=\/wp\/v2\/product"}],"about":[{"href":"https:\/\/yeezy.xianzhi.org\/index.php?rest_route=\/wp\/v2\/types\/product"}],"wp:featuredmedia":[{"embeddable":true,"href":"https:\/\/yeezy.xianzhi.org\/index.php?rest_route=\/wp\/v2\/media\/22055"}],"wp:attachment":[{"href":"https:\/\/yeezy.xianzhi.org\/index.php?rest_route=%2Fwp%2Fv2%2Fmedia&parent=22051"}],"wp:term":[{"taxonomy":"product_brand","embeddable":true,"href":"https:\/\/yeezy.xianzhi.org\/index.php?rest_route=%2Fwp%2Fv2%2Fproduct_brand&post=22051"},{"taxonomy":"product_cat","embeddable":true,"href":"https:\/\/yeezy.xianzhi.org\/index.php?rest_route=%2Fwp%2Fv2%2Fproduct_cat&post=22051"},{"taxonomy":"product_tag","embeddable":true,"href":"https:\/\/yeezy.xianzhi.org\/index.php?rest_route=%2Fwp%2Fv2%2Fproduct_tag&post=22051"}],"curies":[{"name":"wp","href":"https:\/\/api.w.org\/{rel}","templated":true}]}}