{"id":22050,"date":"2025-07-15T00:41:35","date_gmt":"2025-07-14T16:41:35","guid":{"rendered":"https:\/\/yeezy.xianzhi.org\/?post_type=product&#038;p=22050"},"modified":"2025-07-15T00:46:26","modified_gmt":"2025-07-14T16:46:26","slug":"adidas-yeezy-slide-flax","status":"publish","type":"product","link":"https:\/\/yeezy.xianzhi.org\/?product=adidas-yeezy-slide-flax","title":{"rendered":"Adidas Yeezy Slide Flax"},"content":{"rendered":"<p>Mod\u00e8le phare de la saison estivale. la  est de retour sous un tout nouveau coloris exclusif \u00e0 l&#8217;occasion du <strong>Yeezy Day 2022<\/strong>.<\/p>\n<p>La <strong>Adidas Yeezy Slide Flax<\/strong> affiche une structure en <strong>mousse EVA<\/strong> \u00e0 la <strong>teinte marron<\/strong>\u00a0chocolat. Son aspect monobloc d\u00e9voile une outsole dentel\u00e9e pour un amorti optimal. <strong>Minimaliste<\/strong> et <strong>\u00e9pur\u00e9e<\/strong>. la silhouette futuriste se voit finalis\u00e9e par un branding  sur la semelle int\u00e9rieure.<\/p>\n<p><strong>Confortable<\/strong> et versatile. la mule sign\u00e9e  s&#8217;affirme comme le must-have de la saison gr\u00e2ce \u00e0 des coloris toujours plus efficaces !\u00a0<br \/><strong><\/strong><\/p>\n<p><strong>SKU<\/strong> :\u00a0<meta charset=\"utf-8\"><span data-mce-fragment=\"1\">FZ5896<\/span><br \/><strong>Date de sortie<\/strong> : Ao\u00fbt 2022<br \/><strong>Colorway<\/strong> : FLAX\/FLAX\/FLAX<\/p>\n","protected":false},"excerpt":{"rendered":"<p>Mod\u00e8le phare de la saison estivale. la est de retour so [&hellip;]<\/p>\n","protected":false},"featured_media":22052,"template":"","meta":[],"product_brand":[],"product_cat":[176,40],"product_tag":[],"class_list":{"0":"post-22050","1":"product","2":"type-product","3":"status-publish","4":"has-post-thumbnail","6":"product_cat-sneakers","7":"product_cat-yeezy-slide","9":"first","10":"instock","11":"sale","12":"shipping-taxable","13":"purchasable","14":"product-type-variable"},"_links":{"self":[{"href":"https:\/\/yeezy.xianzhi.org\/index.php?rest_route=\/wp\/v2\/product\/22050","targetHints":{"allow":["GET"]}}],"collection":[{"href":"https:\/\/yeezy.xianzhi.org\/index.php?rest_route=\/wp\/v2\/product"}],"about":[{"href":"https:\/\/yeezy.xianzhi.org\/index.php?rest_route=\/wp\/v2\/types\/product"}],"wp:featuredmedia":[{"embeddable":true,"href":"https:\/\/yeezy.xianzhi.org\/index.php?rest_route=\/wp\/v2\/media\/22052"}],"wp:attachment":[{"href":"https:\/\/yeezy.xianzhi.org\/index.php?rest_route=%2Fwp%2Fv2%2Fmedia&parent=22050"}],"wp:term":[{"taxonomy":"product_brand","embeddable":true,"href":"https:\/\/yeezy.xianzhi.org\/index.php?rest_route=%2Fwp%2Fv2%2Fproduct_brand&post=22050"},{"taxonomy":"product_cat","embeddable":true,"href":"https:\/\/yeezy.xianzhi.org\/index.php?rest_route=%2Fwp%2Fv2%2Fproduct_cat&post=22050"},{"taxonomy":"product_tag","embeddable":true,"href":"https:\/\/yeezy.xianzhi.org\/index.php?rest_route=%2Fwp%2Fv2%2Fproduct_tag&post=22050"}],"curies":[{"name":"wp","href":"https:\/\/api.w.org\/{rel}","templated":true}]}}