{"id":22040,"date":"2025-07-15T00:41:27","date_gmt":"2025-07-14T16:41:27","guid":{"rendered":"https:\/\/yeezy.xianzhi.org\/?post_type=product&#038;p=22040"},"modified":"2025-07-15T00:46:26","modified_gmt":"2025-07-14T16:46:26","slug":"adidas-yeezy-slide-bone-restock-pair","status":"publish","type":"product","link":"https:\/\/yeezy.xianzhi.org\/?product=adidas-yeezy-slide-bone-restock-pair","title":{"rendered":"Adidas Yeezy Slide Bone Restock Pair"},"content":{"rendered":"<p><strong><\/strong>La <strong>Adidas Yeezy Slide Bone (Restock Pair)<\/strong> adopte un style des plus simples. sans la pr\u00e9sence de branding. textures. coutures et inscriptions particuli\u00e8res. On remarque un design global de couleur beige clair. compos\u00e9 de mousse EVA. La semelle ext\u00e9rieure est dentel\u00e9e et apporte ainsi un confort sans pr\u00e9c\u00e9dent.<\/p>\n<p><meta charset=\"utf-8\"><strong>Restock Pair<\/strong><span>\u00a0: Cette nouvelle it\u00e9ration se d\u00e9marque de la\u00a0<\/span><span>\u00a0par sa\u00a0<\/span><strong>texture granuleuse<\/strong><span>\u00a0in\u00e9dite sp\u00e9cialement arbor\u00e9e \u00e0 l&#8217;occasion de la nouvelle collection SS22.\u00a0<\/span><\/p>\n<p>Silhouette incontournable des beaux jours. la  saura vous accompagner tout au long de l&#8217;\u00e9t\u00e9 !\u00a0<\/p>\n<p><strong>SKU<\/strong> : FZ5897<br \/><strong>Date de sortie<\/strong> : Juillet 2022<br \/><strong>Colorway<\/strong> : <span>BONE\/BONE\/BONE<\/span><\/p>\n","protected":false},"excerpt":{"rendered":"<p>La Adidas Yeezy Slide Bone (Restock Pair) adopte un sty [&hellip;]<\/p>\n","protected":false},"featured_media":22048,"template":"","meta":[],"product_brand":[],"product_cat":[176,40],"product_tag":[],"class_list":{"0":"post-22040","1":"product","2":"type-product","3":"status-publish","4":"has-post-thumbnail","6":"product_cat-sneakers","7":"product_cat-yeezy-slide","9":"first","10":"instock","11":"sale","12":"shipping-taxable","13":"purchasable","14":"product-type-variable"},"_links":{"self":[{"href":"https:\/\/yeezy.xianzhi.org\/index.php?rest_route=\/wp\/v2\/product\/22040","targetHints":{"allow":["GET"]}}],"collection":[{"href":"https:\/\/yeezy.xianzhi.org\/index.php?rest_route=\/wp\/v2\/product"}],"about":[{"href":"https:\/\/yeezy.xianzhi.org\/index.php?rest_route=\/wp\/v2\/types\/product"}],"wp:featuredmedia":[{"embeddable":true,"href":"https:\/\/yeezy.xianzhi.org\/index.php?rest_route=\/wp\/v2\/media\/22048"}],"wp:attachment":[{"href":"https:\/\/yeezy.xianzhi.org\/index.php?rest_route=%2Fwp%2Fv2%2Fmedia&parent=22040"}],"wp:term":[{"taxonomy":"product_brand","embeddable":true,"href":"https:\/\/yeezy.xianzhi.org\/index.php?rest_route=%2Fwp%2Fv2%2Fproduct_brand&post=22040"},{"taxonomy":"product_cat","embeddable":true,"href":"https:\/\/yeezy.xianzhi.org\/index.php?rest_route=%2Fwp%2Fv2%2Fproduct_cat&post=22040"},{"taxonomy":"product_tag","embeddable":true,"href":"https:\/\/yeezy.xianzhi.org\/index.php?rest_route=%2Fwp%2Fv2%2Fproduct_tag&post=22040"}],"curies":[{"name":"wp","href":"https:\/\/api.w.org\/{rel}","templated":true}]}}