{"id":22039,"date":"2025-07-15T00:41:27","date_gmt":"2025-07-14T16:41:27","guid":{"rendered":"https:\/\/yeezy.xianzhi.org\/?post_type=product&#038;p=22039"},"modified":"2025-07-15T00:46:26","modified_gmt":"2025-07-14T16:46:26","slug":"adidas-yeezy-slide-glow-green-restock-pair-2022","status":"publish","type":"product","link":"https:\/\/yeezy.xianzhi.org\/?product=adidas-yeezy-slide-glow-green-restock-pair-2022","title":{"rendered":"Adidas Yeezy Slide Glow Green Restock Pair 2022"},"content":{"rendered":"<p>Le label de <strong>Kanye West<\/strong> nous d\u00e9voile une toute nouvelle version color\u00e9e de sa  qui m\u00eale style futuriste et confort optimal !\u00a0<\/p>\n<p>La <strong>Adidas Yeezy Slide Glow Green (Restock Pair 2022)<\/strong>\u00a0<meta charset=\"utf-8\"><span data-mce-fragment=\"1\">affiche une base uniforme v\u00eatue de <strong>vert clair<\/strong>. avec une ouverture sur la moiti\u00e9 de la paire. Une outsole dentel\u00e9e coupl\u00e9e \u00e0 l&#8217;utilisation de la mousse\u00a0<\/span><strong data-mce-fragment=\"1\">EVA<\/strong><span data-mce-fragment=\"1\">\u00a0apportent un amorti sans pr\u00e9c\u00e9dent.<\/span><\/p>\n<p>Pr\u00e9sent\u00e9e aux c\u00f4t\u00e9s des \u00e9ditions\u00a0 et . la silhouette avant-gardiste s&#8217;affirme comme un indispensable de la garde robe !\u00a0\u00a0<\/p>\n<p><meta charset=\"utf-8\"><strong>Restock Pair<\/strong><span>\u00a0: Cette nouvelle it\u00e9ration se d\u00e9marque de la\u00a0<\/span><span style=\"text-decoration: underline;\"><\/span><span>\u00a0par sa\u00a0<\/span><strong>texture granuleuse<\/strong><span>\u00a0in\u00e9dite sp\u00e9cialement arbor\u00e9e \u00e0 l&#8217;occasion de la nouvelle collection SS22.\u00a0<\/span><\/p>\n<p><strong>SKU<\/strong> : HQ6447<br \/><strong>Date de sortie<\/strong> : Mai 2022<br \/><strong>Colorway<\/strong> : GLWGRN\/GLWGRN\/GLWGRN\u00a0<\/p>\n","protected":false},"excerpt":{"rendered":"<p>Le label de Kanye West nous d\u00e9voile une toute nouvelle  [&hellip;]<\/p>\n","protected":false},"featured_media":22045,"template":"","meta":[],"product_brand":[],"product_cat":[176,40],"product_tag":[],"class_list":{"0":"post-22039","1":"product","2":"type-product","3":"status-publish","4":"has-post-thumbnail","6":"product_cat-sneakers","7":"product_cat-yeezy-slide","9":"first","10":"instock","11":"sale","12":"shipping-taxable","13":"purchasable","14":"product-type-variable"},"_links":{"self":[{"href":"https:\/\/yeezy.xianzhi.org\/index.php?rest_route=\/wp\/v2\/product\/22039","targetHints":{"allow":["GET"]}}],"collection":[{"href":"https:\/\/yeezy.xianzhi.org\/index.php?rest_route=\/wp\/v2\/product"}],"about":[{"href":"https:\/\/yeezy.xianzhi.org\/index.php?rest_route=\/wp\/v2\/types\/product"}],"wp:featuredmedia":[{"embeddable":true,"href":"https:\/\/yeezy.xianzhi.org\/index.php?rest_route=\/wp\/v2\/media\/22045"}],"wp:attachment":[{"href":"https:\/\/yeezy.xianzhi.org\/index.php?rest_route=%2Fwp%2Fv2%2Fmedia&parent=22039"}],"wp:term":[{"taxonomy":"product_brand","embeddable":true,"href":"https:\/\/yeezy.xianzhi.org\/index.php?rest_route=%2Fwp%2Fv2%2Fproduct_brand&post=22039"},{"taxonomy":"product_cat","embeddable":true,"href":"https:\/\/yeezy.xianzhi.org\/index.php?rest_route=%2Fwp%2Fv2%2Fproduct_cat&post=22039"},{"taxonomy":"product_tag","embeddable":true,"href":"https:\/\/yeezy.xianzhi.org\/index.php?rest_route=%2Fwp%2Fv2%2Fproduct_tag&post=22039"}],"curies":[{"name":"wp","href":"https:\/\/api.w.org\/{rel}","templated":true}]}}