{"id":22038,"date":"2025-07-15T00:41:27","date_gmt":"2025-07-14T16:41:27","guid":{"rendered":"https:\/\/yeezy.xianzhi.org\/?post_type=product&#038;p=22038"},"modified":"2025-07-15T00:46:26","modified_gmt":"2025-07-14T16:46:26","slug":"adidas-yeezy-slide-pure-first-release","status":"publish","type":"product","link":"https:\/\/yeezy.xianzhi.org\/?product=adidas-yeezy-slide-pure-first-release","title":{"rendered":"Adidas Yeezy Slide Pure First Release"},"content":{"rendered":"<p><b data-stringify-type=\"bold\" data-mce-fragment=\"1\"><\/b><strong>Kanye West<\/strong> continue de d\u00e9velopper son attrait pour les silhouettes <strong>avant-gardistes<\/strong>. \u00e0 l&#8217;image des \u00e9ditions  et . Le rappeur de Chicago d\u00e9voile un nouveau coloris Pure pour sa fameuse <strong>Yeezy Slide<\/strong> !<\/p>\n<p>La <strong>Adidas Yeezy Slide Pure\u00a0(<meta charset=\"utf-8\"><\/strong><span data-mce-fragment=\"1\"><strong>First Release)<\/strong>\u00a0<\/span>se pr\u00e9sente dans un design simple. marqu\u00e9 par l&#8217;absence de branding ou d&#8217;\u00e9l\u00e9ments distinctifs. Compos\u00e9e en mousse <strong>EVA<\/strong>. cette nouvelle Yeezy Slide arbore une teinte de <strong>beige<\/strong> clair. La semelle ext\u00e9rieure est dentel\u00e9e. ce qui vient apporter un <strong>confort<\/strong> in\u00e9gal\u00e9.<\/p>\n<p>Le duo <strong>Adidas<\/strong> et Kanye pr\u00e9parent l&#8217;arriv\u00e9e de la saison estivale avec un nouveau coloris tout en simplicit\u00e9 venant \u00e9largir la gamme des  !<\/p>\n<p><strong>SKU<\/strong> : <meta charset=\"utf-8\"><span data-mce-fragment=\"1\">GZ5554<\/span><br \/><strong>Date de sortie<\/strong> : Avril 2021<br \/><strong>Colorway<\/strong> : PURE\/PURE\/PURE<\/p>\n","protected":false},"excerpt":{"rendered":"<p>Kanye West continue de d\u00e9velopper son attrait pour les  [&hellip;]<\/p>\n","protected":false},"featured_media":22041,"template":"","meta":[],"product_brand":[],"product_cat":[176,40],"product_tag":[],"class_list":{"0":"post-22038","1":"product","2":"type-product","3":"status-publish","4":"has-post-thumbnail","6":"product_cat-sneakers","7":"product_cat-yeezy-slide","9":"first","10":"instock","11":"sale","12":"shipping-taxable","13":"purchasable","14":"product-type-variable"},"_links":{"self":[{"href":"https:\/\/yeezy.xianzhi.org\/index.php?rest_route=\/wp\/v2\/product\/22038","targetHints":{"allow":["GET"]}}],"collection":[{"href":"https:\/\/yeezy.xianzhi.org\/index.php?rest_route=\/wp\/v2\/product"}],"about":[{"href":"https:\/\/yeezy.xianzhi.org\/index.php?rest_route=\/wp\/v2\/types\/product"}],"wp:featuredmedia":[{"embeddable":true,"href":"https:\/\/yeezy.xianzhi.org\/index.php?rest_route=\/wp\/v2\/media\/22041"}],"wp:attachment":[{"href":"https:\/\/yeezy.xianzhi.org\/index.php?rest_route=%2Fwp%2Fv2%2Fmedia&parent=22038"}],"wp:term":[{"taxonomy":"product_brand","embeddable":true,"href":"https:\/\/yeezy.xianzhi.org\/index.php?rest_route=%2Fwp%2Fv2%2Fproduct_brand&post=22038"},{"taxonomy":"product_cat","embeddable":true,"href":"https:\/\/yeezy.xianzhi.org\/index.php?rest_route=%2Fwp%2Fv2%2Fproduct_cat&post=22038"},{"taxonomy":"product_tag","embeddable":true,"href":"https:\/\/yeezy.xianzhi.org\/index.php?rest_route=%2Fwp%2Fv2%2Fproduct_tag&post=22038"}],"curies":[{"name":"wp","href":"https:\/\/api.w.org\/{rel}","templated":true}]}}