{"id":22013,"date":"2025-07-15T00:41:00","date_gmt":"2025-07-14T16:41:00","guid":{"rendered":"https:\/\/yeezy.xianzhi.org\/?post_type=product&#038;p=22013"},"modified":"2025-07-15T00:46:27","modified_gmt":"2025-07-14T16:46:27","slug":"adidas-yeezy-slide-salt","status":"publish","type":"product","link":"https:\/\/yeezy.xianzhi.org\/?product=adidas-yeezy-slide-salt","title":{"rendered":"Adidas Yeezy Slide Salt"},"content":{"rendered":"<p><meta charset=\"utf-8\"> <\/p>\n<p data-mce-fragment=\"1\">Claquette star de l&#8217;\u00e9t\u00e9. la  est de retour dans une nouvelle d\u00e9clinaison l\u00e9g\u00e8re.<\/p>\n<p data-mce-fragment=\"1\">La<span data-mce-fragment=\"1\"><strong> Yeezy Slide Salt<\/strong>\u00a0<\/span>se pare d&#8217;une base en mousse <strong>EVA<\/strong> monochrome <strong>gris perle<\/strong> reprenant le design habituel des<span data-mce-fragment=\"1\">\u00a0<\/span><strong data-mce-fragment=\"1\">Slide<\/strong>. On retrouve la midsole l\u00e9g\u00e8rement dentel\u00e9e ainsi que le branding<span data-mce-fragment=\"1\">\u00a0<\/span><span data-mce-fragment=\"1\">\u00a0<\/span>\u00e0 l&#8217;int\u00e9rieur.<\/p>\n<p data-mce-fragment=\"1\"><strong data-mce-fragment=\"1\">SKU<\/strong><span data-mce-fragment=\"1\">\u00a0<\/span>: ID5480<br data-mce-fragment=\"1\"><strong data-mce-fragment=\"1\">Date de sortie<\/strong><span data-mce-fragment=\"1\">\u00a0<\/span>: Novembre 2023<br data-mce-fragment=\"1\"><strong data-mce-fragment=\"1\">Colorway<\/strong><span data-mce-fragment=\"1\">\u00a0<\/span>: <meta charset=\"utf-8\"><span data-mce-fragment=\"1\">SALT\/SALT\/SALT<\/span><\/p>\n","protected":false},"excerpt":{"rendered":"<p>Claquette star de l&#8217;\u00e9t\u00e9. la est de retour dans un [&hellip;]<\/p>\n","protected":false},"featured_media":22016,"template":"","meta":[],"product_brand":[],"product_cat":[176,40],"product_tag":[],"class_list":{"0":"post-22013","1":"product","2":"type-product","3":"status-publish","4":"has-post-thumbnail","6":"product_cat-sneakers","7":"product_cat-yeezy-slide","9":"first","10":"instock","11":"sale","12":"shipping-taxable","13":"purchasable","14":"product-type-variable"},"_links":{"self":[{"href":"https:\/\/yeezy.xianzhi.org\/index.php?rest_route=\/wp\/v2\/product\/22013","targetHints":{"allow":["GET"]}}],"collection":[{"href":"https:\/\/yeezy.xianzhi.org\/index.php?rest_route=\/wp\/v2\/product"}],"about":[{"href":"https:\/\/yeezy.xianzhi.org\/index.php?rest_route=\/wp\/v2\/types\/product"}],"wp:featuredmedia":[{"embeddable":true,"href":"https:\/\/yeezy.xianzhi.org\/index.php?rest_route=\/wp\/v2\/media\/22016"}],"wp:attachment":[{"href":"https:\/\/yeezy.xianzhi.org\/index.php?rest_route=%2Fwp%2Fv2%2Fmedia&parent=22013"}],"wp:term":[{"taxonomy":"product_brand","embeddable":true,"href":"https:\/\/yeezy.xianzhi.org\/index.php?rest_route=%2Fwp%2Fv2%2Fproduct_brand&post=22013"},{"taxonomy":"product_cat","embeddable":true,"href":"https:\/\/yeezy.xianzhi.org\/index.php?rest_route=%2Fwp%2Fv2%2Fproduct_cat&post=22013"},{"taxonomy":"product_tag","embeddable":true,"href":"https:\/\/yeezy.xianzhi.org\/index.php?rest_route=%2Fwp%2Fv2%2Fproduct_tag&post=22013"}],"curies":[{"name":"wp","href":"https:\/\/api.w.org\/{rel}","templated":true}]}}